{"id":229,"date":"2020-03-25T11:40:06","date_gmt":"2020-03-25T10:40:06","guid":{"rendered":"https:\/\/felsgestcom.com\/home\/"},"modified":"2020-03-25T11:47:10","modified_gmt":"2020-03-25T10:47:10","slug":"home","status":"publish","type":"page","link":"https:\/\/felsgestcom.com\/ca\/","title":{"rendered":"Home"},"content":{"rendered":"<div class=\"wpb-content-wrapper\"><p>[vc_row css_animation=&#8221;&#8221; row_type=&#8221;row&#8221; use_row_as_full_screen_section=&#8221;no&#8221; type=&#8221;grid&#8221; angled_section=&#8221;no&#8221; text_align=&#8221;center&#8221; background_image_as_pattern=&#8221;without_pattern&#8221; full_width=&#8221;stretch_row&#8221; default_id=&#8221;themesflat_1524534705&#8243; z_index=&#8221;&#8221;][vc_column css_animation=&#8221;fadeInUp&#8221;][vc_separator type=&#8221;transparent&#8221; up=&#8221;80&#8243;][vc_column_text]<\/p>\n<h1>Gestoria especialitzada en l&#8217;administraci\u00f3 de finques i serveis immobiliaris a Castelldefels i el Baix Llobregat<\/h1>\n<p>[\/vc_column_text][vc_separator type=&#8221;transparent&#8221; up=&#8221;10&#8243;][vc_column_text]<\/p>\n<h3>Gesti\u00f3 de la propietat horitzontal i vertical, englobant serveis de gesti\u00f3 de comunitats de ve\u00efns, gesti\u00f3 de lloguers i assessorament immobiliari, oferint un servei integral, adaptat a les necessitats de cadascun dels nostres clients.<\/h3>\n<p>[\/vc_column_text][vc_separator type=&#8221;transparent&#8221; up=&#8221;80&#8243;][\/vc_column][\/vc_row][vc_row css_animation=&#8221;&#8221; row_type=&#8221;row&#8221; use_row_as_full_screen_section=&#8221;no&#8221; type=&#8221;full_width&#8221; angled_section=&#8221;no&#8221; text_align=&#8221;center&#8221; background_image_as_pattern=&#8221;without_pattern&#8221; css=&#8221;.vc_custom_1583762711193{background-color: #000000 !important;}&#8221; z_index=&#8221;&#8221; el_class=&#8221;presentacion&#8221;][vc_column css_animation=&#8221;fadeInLeft&#8221; width=&#8221;1\/3&#8243; css=&#8221;.vc_custom_1576163021199{margin-bottom: 40px !important;}&#8221;][vc_row_inner row_type=&#8221;row&#8221; type=&#8221;full_width&#8221; text_align=&#8221;left&#8221; css_animation=&#8221;&#8221;][vc_column_inner el_class=&#8221;bg-home&#8221; css=&#8221;.vc_custom_1583765485873{padding-right: 40px !important;padding-left: 40px !important;background-image: url(https:\/\/felsgestcom.com\/wp-content\/uploads\/2019\/12\/administraci\u00f3n-de-fincas.jpg?id=67) !important;}&#8221;][vc_separator type=&#8221;transparent&#8221; up=&#8221;250&#8243;][vc_column_text]<\/p>\n<h2>Administraci\u00f3\u00a0de finques<\/h2>\n<p>[\/vc_column_text][\/vc_column_inner][\/vc_row_inner][vc_row_inner row_type=&#8221;row&#8221; type=&#8221;full_width&#8221; text_align=&#8221;left&#8221; css_animation=&#8221;&#8221;][vc_column_inner css=&#8221;.vc_custom_1576162267948{padding-top: 10px !important;padding-right: 40px !important;padding-bottom: 10px !important;padding-left: 40px !important;}&#8221;][vc_column_text css=&#8221;.vc_custom_1583762788511{padding-bottom: 22px !important;}&#8221;]<\/p>\n<h4>Gesti\u00f3 de la propietat horitzontal i vertical, englobant serveis de gesti\u00f3 de comunitats de ve\u00efns, gesti\u00f3 de lloguers i assessorament immobiliari, oferint un servei integral, adaptat a les necessitats de cadascun dels nostres clients.<\/h4>\n<p>[\/vc_column_text][\/vc_column_inner][\/vc_row_inner]<a  itemprop=\"url\" href=\"https:\/\/felsgestcom.com\/ca\/administracio-de-finques\/\" target=\"_self\" data-hover-background-color='#ffffff' data-hover-color='#000000' class=\"qbutton  medium center default\" style=\"color: #000000; font-style: normal; font-weight: 700; text-transform: uppercase; font-size: 18px; margin: 20px 0px; border-radius: 0px;-moz-border-radius: 0px;-webkit-border-radius: 0px; background-color: #fbba44;\">M\u00e9s informaci\u00f3<\/a>[\/vc_column][vc_column css_animation=&#8221;fadeInUp&#8221; width=&#8221;1\/3&#8243; css=&#8221;.vc_custom_1576163029754{margin-bottom: 40px !important;}&#8221;][vc_row_inner row_type=&#8221;row&#8221; type=&#8221;full_width&#8221; text_align=&#8221;left&#8221; css_animation=&#8221;&#8221;][vc_column_inner el_class=&#8221;bg-home&#8221; css=&#8221;.vc_custom_1583765497637{padding-right: 40px !important;padding-left: 40px !important;background-image: url(https:\/\/felsgestcom.com\/wp-content\/uploads\/2019\/12\/gestoria-comunidades.jpg?id=68) !important;}&#8221;][vc_separator type=&#8221;transparent&#8221; up=&#8221;250&#8243;][vc_column_text]<\/p>\n<h2>Gesti\u00f3 immobili\u00e0ria<\/h2>\n<p>[\/vc_column_text][\/vc_column_inner][\/vc_row_inner][vc_row_inner row_type=&#8221;row&#8221; type=&#8221;full_width&#8221; text_align=&#8221;left&#8221; css_animation=&#8221;&#8221;][vc_column_inner css=&#8221;.vc_custom_1576162267948{padding-top: 10px !important;padding-right: 40px !important;padding-bottom: 10px !important;padding-left: 40px !important;}&#8221;][vc_column_text]<\/p>\n<h4>Ens encarreguem de manera integral de la compravenda i lloguer d&#8217;immobles de tota mena d&#8217;habitatges, locals comercials, oficines, naus, parcel\u00b7les &#8230;, actuant com a nexe entre compradors i venedors de propietats, facilitant, gestionant i resolent tots els tr\u00e0mits necessaris fins a la consecuci\u00f3 de l&#8217;objectiu establert.<\/h4>\n<p>[\/vc_column_text][\/vc_column_inner][\/vc_row_inner]<a  itemprop=\"url\" href=\"https:\/\/felsgestcom.com\/ca\/gestio-inmobiliaria\/\" target=\"_self\" data-hover-background-color='#ffffff' data-hover-color='#000000' class=\"qbutton  medium center default\" style=\"color: #000000; font-style: normal; font-weight: 700; text-transform: uppercase; font-size: 18px; margin: 20px 0px; border-radius: 0px;-moz-border-radius: 0px;-webkit-border-radius: 0px; background-color: #fbba44;\">M\u00e9s informaci\u00f3<\/a>[\/vc_column][vc_column css_animation=&#8221;fadeInRight&#8221; width=&#8221;1\/3&#8243; css=&#8221;.vc_custom_1576163036783{margin-bottom: 40px !important;}&#8221;][vc_row_inner row_type=&#8221;row&#8221; type=&#8221;full_width&#8221; text_align=&#8221;left&#8221; css_animation=&#8221;&#8221;][vc_column_inner el_class=&#8221;bg-home&#8221; css=&#8221;.vc_custom_1576253319385{padding-right: 40px !important;padding-left: 40px !important;background-image: url(https:\/\/felsgestcom.com\/wp-content\/uploads\/2019\/12\/servicios-de-contabilidad.jpg?id=65) !important;}&#8221;][vc_separator type=&#8221;transparent&#8221; up=&#8221;250&#8243;][vc_column_text]<\/p>\n<h2>Gesti\u00f3 Patrimonial<\/h2>\n<p>[\/vc_column_text][\/vc_column_inner][\/vc_row_inner][vc_row_inner row_type=&#8221;row&#8221; type=&#8221;full_width&#8221; text_align=&#8221;left&#8221; css_animation=&#8221;&#8221;][vc_column_inner css=&#8221;.vc_custom_1576162267948{padding-top: 10px !important;padding-right: 40px !important;padding-bottom: 10px !important;padding-left: 40px !important;}&#8221;][vc_column_text]<\/p>\n<h4>Gesti\u00f3 activa de patrimonis immobiliaris de manera independent i personalitzada, experts en la gesti\u00f3 d&#8217;actius immobiliaris. La nostra administraci\u00f3 de finques, ofereix una cobertura 360 graus, realitzant un acompanyament de principi a fi, des de l&#8217;an\u00e0lisi de la situaci\u00f3 inicial fins a la presa de decisi\u00f3 final \u00f2ptima.<\/h4>\n<p>[\/vc_column_text][\/vc_column_inner][\/vc_row_inner]<a  itemprop=\"url\" href=\"https:\/\/felsgestcom.com\/ca\/gestio-patrimonial\/\" target=\"_self\" data-hover-background-color='#ffffff' data-hover-color='#000000' class=\"qbutton  medium center default\" style=\"color: #000000; font-style: normal; font-weight: 700; text-transform: uppercase; font-size: 18px; margin: 20px 0px; border-radius: 0px;-moz-border-radius: 0px;-webkit-border-radius: 0px; background-color: #fbba44;\">M\u00e9s informaci\u00f3<\/a>[\/vc_column][\/vc_row][vc_row css_animation=&#8221;&#8221; row_type=&#8221;row&#8221; use_row_as_full_screen_section=&#8221;no&#8221; type=&#8221;full_width&#8221; angled_section=&#8221;no&#8221; text_align=&#8221;left&#8221; background_image_as_pattern=&#8221;without_pattern&#8221; css=&#8221;.vc_custom_1576163167396{background-color: #000000 !important;}&#8221; z_index=&#8221;&#8221;][vc_column][vc_separator type=&#8221;transparent&#8221; up=&#8221;100&#8243;][\/vc_column][\/vc_row][vc_row css_animation=&#8221;&#8221; row_type=&#8221;row&#8221; use_row_as_full_screen_section=&#8221;no&#8221; type=&#8221;grid&#8221; angled_section=&#8221;no&#8221; text_align=&#8221;left&#8221; background_image_as_pattern=&#8221;without_pattern&#8221; z_index=&#8221;&#8221; el_class=&#8221;cont-call&#8221;][vc_column css_animation=&#8221;bounceInUp&#8221;][vc_row_inner row_type=&#8221;row&#8221; type=&#8221;full_width&#8221; text_align=&#8221;center&#8221; css_animation=&#8221;&#8221; css=&#8221;.vc_custom_1576162569912{padding-top: 40px !important;padding-right: 40px !important;padding-bottom: 40px !important;padding-left: 40px !important;background-color: #fbba44 !important;}&#8221; el_class=&#8221;call-to-action&#8221;][vc_column_inner width=&#8221;2\/3&#8243; css=&#8221;.vc_custom_1583766461253{padding-bottom: 30px !important;}&#8221;][vc_column_text]<\/p>\n<h2>Acc\u00e9s 24h<\/h2>\n<h5>A trav\u00e9s de la plataforma tecnol\u00f2gica de Gestcom, els presidents de les comunitats i tots els propietaris, poden accedir a tota la informaci\u00f3 corresponent sobre la seva finca.<\/h5>\n<p>[\/vc_column_text][\/vc_column_inner][vc_column_inner width=&#8221;1\/3&#8243;]\n\n\t<a href=\"https:\/\/felsgestcom.com\/ca\/acces-24h\/\" target=\"_self\" style=\"color: #fbba44;background-color: #000000;font-size: 20px;font-weight: 600;text-transform: uppercase;margin: 20px 0px\" class=\"qode-btn qode-btn-medium qode-btn-solid qode-btn-custom-hover-bg qode-btn-custom-hover-color mas-info qode-btn-default-hover\" data-hover-bg-color=\"#ffffff\" data-hover-color=\"#000000\" >\n\t    <span class=\"qode-btn-text\">+ informaci\u00f3<\/span>\t<\/a>\n\n[\/vc_column_inner][\/vc_row_inner][\/vc_column][\/vc_row][vc_row css_animation=&#8221;&#8221; row_type=&#8221;row&#8221; use_row_as_full_screen_section=&#8221;no&#8221; type=&#8221;grid&#8221; angled_section=&#8221;no&#8221; text_align=&#8221;center&#8221; background_image_as_pattern=&#8221;without_pattern&#8221; z_index=&#8221;&#8221;][vc_column css_animation=&#8221;fadeInUp&#8221;][vc_separator type=&#8221;transparent&#8221; up=&#8221;50&#8243;][vc_column_text]<\/p>\n<h2 style=\"text-align: center;\">A gestcom estem per facilitar-la vida<\/h2>\n<p>[\/vc_column_text][vc_separator type=&#8221;transparent&#8221; up=&#8221;10&#8243;][vc_column_text]<\/p>\n<h3 style=\"text-align: center;\">Posem a la seva disposici\u00f3 el nostre equip de professionals, tant per a l&#8217;administraci\u00f3 de la seva comunitat de ve\u00efns, com si vol comprar, vendre o llogar una propietat.<\/h3>\n<p>[\/vc_column_text][vc_separator type=&#8221;transparent&#8221; up=&#8221;40&#8243;][\/vc_column][\/vc_row][vc_row css_animation=&#8221;&#8221; row_type=&#8221;row&#8221; use_row_as_full_screen_section=&#8221;no&#8221; type=&#8221;grid&#8221; angled_section=&#8221;no&#8221; text_align=&#8221;center&#8221; background_image_as_pattern=&#8221;without_pattern&#8221; z_index=&#8221;&#8221; css=&#8221;.vc_custom_1576165655101{padding-right: 40px !important;padding-left: 40px !important;}&#8221; el_class=&#8221;tips&#8221;][vc_column css_animation=&#8221;fadeInLeft&#8221; width=&#8221;1\/3&#8243; css=&#8221;.vc_custom_1576164182389{margin-bottom: 40px !important;}&#8221;][vc_single_image image=&#8221;173&#8243; img_size=&#8221;150&#215;150&#8243; alignment=&#8221;center&#8221; qode_css_animation=&#8221;element_from_fade&#8221; css=&#8221;.vc_custom_1583752418364{margin-bottom: 30px !important;}&#8221;][vc_column_text]<\/p>\n<h4>M\u00e9s de<br \/>\n15 anys d&#8217;experi\u00e8ncia<\/h4>\n<p>[\/vc_column_text][\/vc_column][vc_column css_animation=&#8221;fadeInUp&#8221; width=&#8221;1\/3&#8243; css=&#8221;.vc_custom_1576165725949{margin-bottom: 40px !important;}&#8221;][vc_single_image image=&#8221;174&#8243; img_size=&#8221;150&#215;150&#8243; alignment=&#8221;center&#8221; qode_css_animation=&#8221;element_from_fade&#8221; css=&#8221;.vc_custom_1576165623684{margin-bottom: 30px !important;}&#8221;][vc_column_text]<\/p>\n<h4>Acc\u00e9s 24h<br \/>\na control<\/h4>\n<p>[\/vc_column_text][\/vc_column][vc_column css_animation=&#8221;fadeInRight&#8221; width=&#8221;1\/3&#8243; css=&#8221;.vc_custom_1576165731094{margin-bottom: 40px !important;}&#8221;][vc_single_image image=&#8221;172&#8243; img_size=&#8221;150&#215;150&#8243; alignment=&#8221;center&#8221; qode_css_animation=&#8221;element_from_fade&#8221; css=&#8221;.vc_custom_1576165633023{margin-bottom: 30px !important;}&#8221;][vc_column_text]<\/p>\n<h4>Servei<br \/>\nIntegral<\/h4>\n<p>[\/vc_column_text][\/vc_column][\/vc_row]<\/p>\n<\/div>","protected":false},"excerpt":{"rendered":"<p>[vc_row css_animation=&#8221;&#8221; row_type=&#8221;row&#8221; use_row_as_full_screen_section=&#8221;no&#8221; type=&#8221;grid&#8221; angled_section=&#8221;no&#8221; text_align=&#8221;center&#8221; background_image_as_pattern=&#8221;without_pattern&#8221; full_width=&#8221;stretch_row&#8221; default_id=&#8221;themesflat_1524534705&#8243; z_index=&#8221;&#8221;][vc_column css_animation=&#8221;fadeInUp&#8221;][vc_separator type=&#8221;transparent&#8221; up=&#8221;80&#8243;][vc_column_text] Gestoria especialitzada en l&#8217;administraci\u00f3 de finques i serveis immobiliaris a Castelldefels i el Baix Llobregat [\/vc_column_text][vc_separator type=&#8221;transparent&#8221; up=&#8221;10&#8243;][vc_column_text] Gesti\u00f3 de la propietat horitzontal i vertical, englobant serveis de gesti\u00f3 de comunitats&#8230;<\/p>\n","protected":false},"author":1,"featured_media":0,"parent":0,"menu_order":0,"comment_status":"closed","ping_status":"closed","template":"full_width.php","meta":{"footnotes":""},"class_list":["post-229","page","type-page","status-publish","hentry"],"yoast_head":"<!-- This site is optimized with the Yoast SEO plugin v26.7 - https:\/\/yoast.com\/wordpress\/plugins\/seo\/ -->\n<title>GestCom - Administraci\u00f3 de finques Castelldefels, Barcelona<\/title>\n<meta name=\"description\" content=\"Gesti\u00f3 de la propietat horitzontal i vertical, serveis de gesti\u00f3 de comunitats de ve\u00efns, gesti\u00f3 de lloguers i assessorament immobiliari ...\" \/>\n<meta name=\"robots\" content=\"index, follow, max-snippet:-1, max-image-preview:large, max-video-preview:-1\" \/>\n<link rel=\"canonical\" href=\"https:\/\/felsgestcom.com\/ca\/\" \/>\n<meta property=\"og:locale\" content=\"ca_ES\" \/>\n<meta property=\"og:type\" content=\"article\" \/>\n<meta property=\"og:title\" content=\"GestCom - Administraci\u00f3 de finques Castelldefels, Barcelona\" \/>\n<meta property=\"og:description\" content=\"Gesti\u00f3 de la propietat horitzontal i vertical, serveis de gesti\u00f3 de comunitats de ve\u00efns, gesti\u00f3 de lloguers i assessorament immobiliari ...\" \/>\n<meta property=\"og:url\" content=\"https:\/\/felsgestcom.com\/ca\/\" \/>\n<meta property=\"og:site_name\" content=\"GestCom\" \/>\n<meta property=\"article:modified_time\" content=\"2020-03-25T10:47:10+00:00\" \/>\n<meta name=\"twitter:card\" content=\"summary_large_image\" \/>\n<meta name=\"twitter:label1\" content=\"Temps estimat de lectura\" \/>\n\t<meta name=\"twitter:data1\" content=\"7 minuts\" \/>\n<script type=\"application\/ld+json\" class=\"yoast-schema-graph\">{\"@context\":\"https:\/\/schema.org\",\"@graph\":[{\"@type\":\"WebPage\",\"@id\":\"https:\/\/felsgestcom.com\/ca\/\",\"url\":\"https:\/\/felsgestcom.com\/ca\/\",\"name\":\"GestCom - Administraci\u00f3 de finques Castelldefels, Barcelona\",\"isPartOf\":{\"@id\":\"https:\/\/felsgestcom.com\/ca\/#website\"},\"datePublished\":\"2020-03-25T10:40:06+00:00\",\"dateModified\":\"2020-03-25T10:47:10+00:00\",\"description\":\"Gesti\u00f3 de la propietat horitzontal i vertical, serveis de gesti\u00f3 de comunitats de ve\u00efns, gesti\u00f3 de lloguers i assessorament immobiliari ...\",\"breadcrumb\":{\"@id\":\"https:\/\/felsgestcom.com\/ca\/#breadcrumb\"},\"inLanguage\":\"ca\",\"potentialAction\":[{\"@type\":\"ReadAction\",\"target\":[\"https:\/\/felsgestcom.com\/ca\/\"]}]},{\"@type\":\"BreadcrumbList\",\"@id\":\"https:\/\/felsgestcom.com\/ca\/#breadcrumb\",\"itemListElement\":[{\"@type\":\"ListItem\",\"position\":1,\"name\":\"Portada\",\"item\":\"https:\/\/felsgestcom.com\/ca\/\"},{\"@type\":\"ListItem\",\"position\":2,\"name\":\"Home\"}]},{\"@type\":\"WebSite\",\"@id\":\"https:\/\/felsgestcom.com\/ca\/#website\",\"url\":\"https:\/\/felsgestcom.com\/ca\/\",\"name\":\"GestCom\",\"description\":\"Administraci\u00f3n de fincas\",\"publisher\":{\"@id\":\"https:\/\/felsgestcom.com\/ca\/#organization\"},\"potentialAction\":[{\"@type\":\"SearchAction\",\"target\":{\"@type\":\"EntryPoint\",\"urlTemplate\":\"https:\/\/felsgestcom.com\/ca\/?s={search_term_string}\"},\"query-input\":{\"@type\":\"PropertyValueSpecification\",\"valueRequired\":true,\"valueName\":\"search_term_string\"}}],\"inLanguage\":\"ca\"},{\"@type\":\"Organization\",\"@id\":\"https:\/\/felsgestcom.com\/ca\/#organization\",\"name\":\"Gestcom, Administraci\u00f3n de fincas\",\"url\":\"https:\/\/felsgestcom.com\/ca\/\",\"logo\":{\"@type\":\"ImageObject\",\"inLanguage\":\"ca\",\"@id\":\"https:\/\/felsgestcom.com\/ca\/#\/schema\/logo\/image\/\",\"url\":\"https:\/\/felsgestcom.com\/wp-content\/uploads\/2019\/12\/logo-gestcom.png\",\"contentUrl\":\"https:\/\/felsgestcom.com\/wp-content\/uploads\/2019\/12\/logo-gestcom.png\",\"width\":392,\"height\":100,\"caption\":\"Gestcom, Administraci\u00f3n de fincas\"},\"image\":{\"@id\":\"https:\/\/felsgestcom.com\/ca\/#\/schema\/logo\/image\/\"}}]}<\/script>\n<!-- \/ Yoast SEO plugin. -->","yoast_head_json":{"title":"GestCom - Administraci\u00f3 de finques Castelldefels, Barcelona","description":"Gesti\u00f3 de la propietat horitzontal i vertical, serveis de gesti\u00f3 de comunitats de ve\u00efns, gesti\u00f3 de lloguers i assessorament immobiliari ...","robots":{"index":"index","follow":"follow","max-snippet":"max-snippet:-1","max-image-preview":"max-image-preview:large","max-video-preview":"max-video-preview:-1"},"canonical":"https:\/\/felsgestcom.com\/ca\/","og_locale":"ca_ES","og_type":"article","og_title":"GestCom - Administraci\u00f3 de finques Castelldefels, Barcelona","og_description":"Gesti\u00f3 de la propietat horitzontal i vertical, serveis de gesti\u00f3 de comunitats de ve\u00efns, gesti\u00f3 de lloguers i assessorament immobiliari ...","og_url":"https:\/\/felsgestcom.com\/ca\/","og_site_name":"GestCom","article_modified_time":"2020-03-25T10:47:10+00:00","twitter_card":"summary_large_image","twitter_misc":{"Temps estimat de lectura":"7 minuts"},"schema":{"@context":"https:\/\/schema.org","@graph":[{"@type":"WebPage","@id":"https:\/\/felsgestcom.com\/ca\/","url":"https:\/\/felsgestcom.com\/ca\/","name":"GestCom - Administraci\u00f3 de finques Castelldefels, Barcelona","isPartOf":{"@id":"https:\/\/felsgestcom.com\/ca\/#website"},"datePublished":"2020-03-25T10:40:06+00:00","dateModified":"2020-03-25T10:47:10+00:00","description":"Gesti\u00f3 de la propietat horitzontal i vertical, serveis de gesti\u00f3 de comunitats de ve\u00efns, gesti\u00f3 de lloguers i assessorament immobiliari ...","breadcrumb":{"@id":"https:\/\/felsgestcom.com\/ca\/#breadcrumb"},"inLanguage":"ca","potentialAction":[{"@type":"ReadAction","target":["https:\/\/felsgestcom.com\/ca\/"]}]},{"@type":"BreadcrumbList","@id":"https:\/\/felsgestcom.com\/ca\/#breadcrumb","itemListElement":[{"@type":"ListItem","position":1,"name":"Portada","item":"https:\/\/felsgestcom.com\/ca\/"},{"@type":"ListItem","position":2,"name":"Home"}]},{"@type":"WebSite","@id":"https:\/\/felsgestcom.com\/ca\/#website","url":"https:\/\/felsgestcom.com\/ca\/","name":"GestCom","description":"Administraci\u00f3n de fincas","publisher":{"@id":"https:\/\/felsgestcom.com\/ca\/#organization"},"potentialAction":[{"@type":"SearchAction","target":{"@type":"EntryPoint","urlTemplate":"https:\/\/felsgestcom.com\/ca\/?s={search_term_string}"},"query-input":{"@type":"PropertyValueSpecification","valueRequired":true,"valueName":"search_term_string"}}],"inLanguage":"ca"},{"@type":"Organization","@id":"https:\/\/felsgestcom.com\/ca\/#organization","name":"Gestcom, Administraci\u00f3n de fincas","url":"https:\/\/felsgestcom.com\/ca\/","logo":{"@type":"ImageObject","inLanguage":"ca","@id":"https:\/\/felsgestcom.com\/ca\/#\/schema\/logo\/image\/","url":"https:\/\/felsgestcom.com\/wp-content\/uploads\/2019\/12\/logo-gestcom.png","contentUrl":"https:\/\/felsgestcom.com\/wp-content\/uploads\/2019\/12\/logo-gestcom.png","width":392,"height":100,"caption":"Gestcom, Administraci\u00f3n de fincas"},"image":{"@id":"https:\/\/felsgestcom.com\/ca\/#\/schema\/logo\/image\/"}}]}},"_links":{"self":[{"href":"https:\/\/felsgestcom.com\/ca\/wp-json\/wp\/v2\/pages\/229","targetHints":{"allow":["GET"]}}],"collection":[{"href":"https:\/\/felsgestcom.com\/ca\/wp-json\/wp\/v2\/pages"}],"about":[{"href":"https:\/\/felsgestcom.com\/ca\/wp-json\/wp\/v2\/types\/page"}],"author":[{"embeddable":true,"href":"https:\/\/felsgestcom.com\/ca\/wp-json\/wp\/v2\/users\/1"}],"replies":[{"embeddable":true,"href":"https:\/\/felsgestcom.com\/ca\/wp-json\/wp\/v2\/comments?post=229"}],"version-history":[{"count":8,"href":"https:\/\/felsgestcom.com\/ca\/wp-json\/wp\/v2\/pages\/229\/revisions"}],"predecessor-version":[{"id":239,"href":"https:\/\/felsgestcom.com\/ca\/wp-json\/wp\/v2\/pages\/229\/revisions\/239"}],"wp:attachment":[{"href":"https:\/\/felsgestcom.com\/ca\/wp-json\/wp\/v2\/media?parent=229"}],"curies":[{"name":"wp","href":"https:\/\/api.w.org\/{rel}","templated":true}]}}