{"id":215,"date":"2020-03-25T11:02:52","date_gmt":"2020-03-25T10:02:52","guid":{"rendered":"https:\/\/felsgestcom.com\/contacte\/"},"modified":"2024-06-20T12:11:06","modified_gmt":"2024-06-20T11:11:06","slug":"contacte","status":"publish","type":"page","link":"https:\/\/felsgestcom.com\/ca\/contacte\/","title":{"rendered":"Contacte"},"content":{"rendered":"<div class=\"wpb-content-wrapper\"><p>[vc_row css_animation=&#8221;&#8221; row_type=&#8221;row&#8221; use_row_as_full_screen_section=&#8221;no&#8221; type=&#8221;grid&#8221; angled_section=&#8221;no&#8221; text_align=&#8221;left&#8221; background_image_as_pattern=&#8221;without_pattern&#8221; z_index=&#8221;&#8221; css=&#8221;.vc_custom_1550333344877{margin-top: 80px !important;}&#8221;][vc_column width=&#8221;1\/2&#8243; css=&#8221;.vc_custom_1550334392615{margin-bottom: 40px !important;}&#8221;][vc_gmaps link=&#8221;#E-8_JTNDaWZyYW1lJTIwc3JjJTNEJTIyaHR0cHMlM0ElMkYlMkZ3d3cuZ29vZ2xlLmNvbSUyRm1hcHMlMkZlbWJlZCUzRnBiJTNEJTIxMW0xOCUyMTFtMTIlMjExbTMlMjExZDE5MTM5MS45NjAzODIzMTkzJTIxMmQyLjE4Mjg0Mjk1MTI2MzY4NTUlMjEzZDQxLjQ1MDA4MzA3OTA1MjM0JTIxMm0zJTIxMWYwJTIxMmYwJTIxM2YwJTIxM20yJTIxMWkxMDI0JTIxMmk3NjglMjE0ZjEzLjElMjEzbTMlMjExbTIlMjExczB4MTJhNDgyY2JmNDMzY2I4MyUyNTNBMHhiNDU3YzUyZjdiYTQzMDg0JTIxMnNBZG1pbmlzdHJhZG9ycyUyNTIwZGUlMjUyMEZpbnF1ZXMlMjUyMEdlc3Rjb20lMjUyMFMuTCUyMTVlMCUyMTNtMiUyMTFzZXMlMjEyc2VzJTIxNHYxNTgzODU1NDY2ODM5JTIxNW0yJTIxMXNlcyUyMTJzZXMlMjIlMjB3aWR0aCUzRCUyMjYwMCUyMiUyMGhlaWdodCUzRCUyMjQ1MCUyMiUyMGZyYW1lYm9yZGVyJTNEJTIyMCUyMiUyMHN0eWxlJTNEJTIyYm9yZGVyJTNBMCUzQiUyMiUyMGFsbG93ZnVsbHNjcmVlbiUzRCUyMiUyMiUzRSUzQyUyRmlmcmFtZSUzRQ==&#8221;][\/vc_column][vc_column width=&#8221;1\/2&#8243;]<div class='q_icon_with_title small normal_icon '><div class=\"icon_holder \" style=\" \"><a itemprop=\"url\" href=\"https:\/\/goo.gl\/maps\/PngvQffdh9CVLygy8\" target=\"_blank\" class=\"q_icon_link\"><span data-icon-type=\"normal\"   style=\"\" class=\"qode_iwt_icon_holder q_font_awsome_icon fa-2x  \"><i class=\"qode_icon_font_awesome fa fa-map-marker qode_iwt_icon_element\" style=\"\" ><\/i><\/span><\/a><\/div><div class=\"icon_text_holder\" style=\"\"><div class=\"icon_text_inner\" style=\"\"><h3 class=\"icon_title\" style=\"\">Ens trobar\u00e0s a ...<\/h3><p style=''><\/p><a itemprop='url' class='icon_with_title_link' href='https:\/\/goo.gl\/maps\/PngvQffdh9CVLygy8' target='_blank' style=''>Ronda de Ram\u00f3n Otero Pedrayo, 22,<br \/>\n08860 Castelldefels, Barcelona<\/a><\/div><\/div><\/div>[vc_separator type=&#8221;transparent&#8221; up=&#8221;10&#8243;]<div class='q_icon_with_title small normal_icon '><div class=\"icon_holder \" style=\" \"><span data-icon-type=\"normal\"   style=\"\" class=\"qode_iwt_icon_holder q_font_awsome_icon fa-2x  \"><i class=\"qode_icon_font_awesome fa fa-clock-o qode_iwt_icon_element\" style=\"\" ><\/i><\/span><\/div><div class=\"icon_text_holder\" style=\"\"><div class=\"icon_text_inner\" style=\"\"><h3 class=\"icon_title\" style=\"\">Horari (amb cita pr\u00e8via)<\/h3><p style=''>De dilluns a dijous 9 a 17h.<br \/>\nViernes de 9 a 14h.<\/p><\/div><\/div><\/div>[vc_separator type=&#8221;transparent&#8221; up=&#8221;10&#8243;]<div class='q_icon_with_title small normal_icon '><div class=\"icon_holder \" style=\" \"><a itemprop=\"url\" href=\"mailto:comunitats@felsgestcom.com\" target=\"_blank\" class=\"q_icon_link\"><span data-icon-type=\"normal\"   style=\"\" class=\"qode_iwt_icon_holder q_font_awsome_icon fa-2x  \"><i class=\"qode_icon_font_awesome fa fa-envelope-o qode_iwt_icon_element\" style=\"\" ><\/i><\/span><\/a><\/div><div class=\"icon_text_holder\" style=\"\"><div class=\"icon_text_inner\" style=\"\"><h3 class=\"icon_title\" style=\"\">Escriu-nos ...<\/h3><p style=''><\/p><a itemprop='url' class='icon_with_title_link' href='mailto:comunitats@felsgestcom.com' target='_blank' style=''>comunitats@felsgestcom.com<\/a><\/div><\/div><\/div>[vc_separator type=&#8221;transparent&#8221; up=&#8221;10&#8243;]<div class='q_icon_with_title small normal_icon '><div class=\"icon_holder \" style=\" \"><a itemprop=\"url\" href=\"tel:+34685133714\" target=\"_blank\" class=\"q_icon_link\"><span data-icon-type=\"normal\"   style=\"\" class=\"qode_iwt_icon_holder q_font_awsome_icon fa-2x  \"><i class=\"qode_icon_font_awesome fa fa-phone qode_iwt_icon_element\" style=\"\" ><\/i><\/span><\/a><\/div><div class=\"icon_text_holder\" style=\"\"><div class=\"icon_text_inner\" style=\"\"><h3 class=\"icon_title\" style=\"\">... o truca'ns<\/h3><p style='color: #000000'><\/p><a itemprop='url' class='icon_with_title_link' href='tel:+34685133714' target='_blank' style=''>685 13 37 14<\/a><\/div><\/div><\/div>[vc_column_text css=&#8221;.vc_custom_1583392212567{padding-top: -40px !important;padding-left: 40px !important;}&#8221; el_class=&#8221;tel-contacto&#8221;]<a href=\"tel:+34936641379\">93 664 13 79<\/a>[\/vc_column_text][\/vc_column][\/vc_row][vc_row css_animation=&#8221;&#8221; row_type=&#8221;row&#8221; use_row_as_full_screen_section=&#8221;no&#8221; type=&#8221;full_width&#8221; angled_section=&#8221;no&#8221; text_align=&#8221;left&#8221; background_image_as_pattern=&#8221;without_pattern&#8221; z_index=&#8221;&#8221; css=&#8221;.vc_custom_1550334647635{margin-top: 40px !important;}&#8221;][vc_column][vc_separator type=&#8221;normal&#8221; color=&#8221;#f5f5f5&#8243; down=&#8221;40&#8243;][vc_column_text css=&#8221;.vc_custom_1550334447332{margin-bottom: 40px !important;}&#8221;]<\/p>\n<h2 style=\"text-align: center;\">Formulari de contacte<\/h2>\n<p>[\/vc_column_text]\n<div class=\"wpcf7 no-js\" id=\"wpcf7-f189-o1\" lang=\"es-ES\" dir=\"ltr\" data-wpcf7-id=\"189\">\n<div class=\"screen-reader-response\"><p role=\"status\" aria-live=\"polite\" aria-atomic=\"true\"><\/p> <ul><\/ul><\/div>\n<form action=\"\/ca\/wp-json\/wp\/v2\/pages\/215#wpcf7-f189-o1\" method=\"post\" class=\"wpcf7-form init cf7_custom_style_1\" aria-label=\"Formulario de contacto\" novalidate=\"novalidate\" data-status=\"init\">\n<fieldset class=\"hidden-fields-container\"><input type=\"hidden\" name=\"_wpcf7\" value=\"189\" \/><input type=\"hidden\" name=\"_wpcf7_version\" value=\"6.1.5\" \/><input type=\"hidden\" name=\"_wpcf7_locale\" value=\"es_ES\" \/><input type=\"hidden\" name=\"_wpcf7_unit_tag\" value=\"wpcf7-f189-o1\" \/><input type=\"hidden\" name=\"_wpcf7_container_post\" value=\"0\" \/><input type=\"hidden\" name=\"_wpcf7_posted_data_hash\" value=\"\" \/><input type=\"hidden\" name=\"_wpcf7_recaptcha_response\" value=\"\" \/>\n<\/fieldset>\n<p><label> El teu nom<br \/>\n<span class=\"wpcf7-form-control-wrap\" data-name=\"your-name\"><input size=\"40\" maxlength=\"400\" class=\"wpcf7-form-control wpcf7-text wpcf7-validates-as-required\" aria-required=\"true\" aria-invalid=\"false\" value=\"\" type=\"text\" name=\"your-name\" \/><\/span> <\/label>\n<\/p>\n<p><label>El teu email de contacte<br \/>\n<span class=\"wpcf7-form-control-wrap\" data-name=\"your-email\"><input size=\"40\" maxlength=\"400\" class=\"wpcf7-form-control wpcf7-email wpcf7-validates-as-required wpcf7-text wpcf7-validates-as-email\" aria-required=\"true\" aria-invalid=\"false\" value=\"\" type=\"email\" name=\"your-email\" \/><\/span> <\/label>\n<\/p>\n<p><label>El teu tel\u00e8fon<br \/>\n<span class=\"wpcf7-form-control-wrap\" data-name=\"telefono\"><input size=\"40\" maxlength=\"400\" class=\"wpcf7-form-control wpcf7-tel wpcf7-validates-as-required wpcf7-text wpcf7-validates-as-tel\" aria-required=\"true\" aria-invalid=\"false\" value=\"\" type=\"tel\" name=\"telefono\" \/><\/span> <\/label>\n<\/p>\n<p><label>Assumpte<br \/>\n<span class=\"wpcf7-form-control-wrap\" data-name=\"your-subject\"><input size=\"40\" maxlength=\"400\" class=\"wpcf7-form-control wpcf7-text\" aria-invalid=\"false\" value=\"\" type=\"text\" name=\"your-subject\" \/><\/span> <\/label>\n<\/p>\n<p><label>El teu missatge<br \/>\n<span class=\"wpcf7-form-control-wrap\" data-name=\"your-message\"><textarea cols=\"40\" rows=\"10\" maxlength=\"2000\" class=\"wpcf7-form-control wpcf7-textarea\" aria-invalid=\"false\" name=\"your-message\"><\/textarea><\/span> <\/label>\n<\/p>\n<div class=\"politica\">\n\t<p><strong>Informaci\u00f3 b\u00e0sica en protecci\u00f3 de dade:<\/strong>D'acord amb el RGPD i la LOPDGDD, Administraci\u00f3 de finques Gestcom, S.L.U. tractar\u00e0 les dades facilitades, amb la finalitat de contestar els dubtes i \/ o queixes plantejades a trav\u00e9s d'aquest formulari i facilitar la informaci\u00f3 sol\u00b7licitada. Sempre que ens ho autoritzi pr\u00e8viament, enviarem informaci\u00f3 relacionada amb l'activitat oferta per Administraci\u00f3 de finques Gestcom, S.L.U. Podr\u00e0 exercir, si ho desitja, els drets d'acc\u00e9s, rectificaci\u00f3, supressi\u00f3, i altres reconeguts en la normativa esmentada. Per obtenir m\u00e9s informaci\u00f3 sobre com estem tractant les seves dades, accedeixi a la nostra pol\u00edtica de privacitat.\n\t<\/p>\n<\/div>\n<p><span class=\"wpcf7-form-control-wrap\" data-name=\"acceptance-867\"><span class=\"wpcf7-form-control wpcf7-acceptance\"><span class=\"wpcf7-list-item\"><label><input type=\"checkbox\" name=\"acceptance-867\" value=\"1\" aria-invalid=\"false\" \/><span class=\"wpcf7-list-item-label\">ENTENC I ACCEPTO el tractament de les meves dades tal com es descriu anteriorment i s'explica amb m\u00e9s detall en la <a href=\"https:\/\/felsgestcom.com\/ca\/politica-privacitat\/\" target=\"_blank\">politica de privacitat.<\/a><i>(la seva negativa a facilitar-nos l'autoritzaci\u00f3 implica la impossibilitat de tractar les seves dades amb la finalitat indicada).<\/i>.<\/span><\/label><\/span><\/span><\/span>\n<\/p>\n<p><span class=\"wpcf7-form-control-wrap\" data-name=\"acceptance-868\"><span class=\"wpcf7-form-control wpcf7-acceptance optional\"><span class=\"wpcf7-list-item\"><label><input type=\"checkbox\" name=\"acceptance-868\" value=\"1\" aria-invalid=\"false\" \/><span class=\"wpcf7-list-item-label\">ENTENC I ACCEPTO rebre informaci\u00f3 en els termes abans indicats sobre l'activitat de Administraci\u00f3 de finques Gestcom, S.L.U. (la seva negativa a facilitar-nos l'autoritzaci\u00f3 implica la impossibilitat de tractar les seves dades amb la finalitat indicada).<\/i>.<\/span><\/label><\/span><\/span><\/span>\n<\/p>\n<p><input class=\"wpcf7-form-control wpcf7-submit has-spinner\" type=\"submit\" value=\"Enviar\" \/>\n<\/p><div class=\"wpcf7-response-output\" aria-hidden=\"true\"><\/div>\n<\/form>\n<\/div>\n[vc_separator type=&#8221;normal&#8221; color=&#8221;#f5f5f5&#8243; up=&#8221;40&#8243; down=&#8221;40&#8243;][\/vc_column][\/vc_row]<\/p>\n<\/div>","protected":false},"excerpt":{"rendered":"<p>[vc_row css_animation=&#8221;&#8221; row_type=&#8221;row&#8221; use_row_as_full_screen_section=&#8221;no&#8221; type=&#8221;grid&#8221; angled_section=&#8221;no&#8221; text_align=&#8221;left&#8221; background_image_as_pattern=&#8221;without_pattern&#8221; z_index=&#8221;&#8221; css=&#8221;.vc_custom_1550333344877{margin-top: 80px !important;}&#8221;][vc_column width=&#8221;1\/2&#8243; css=&#8221;.vc_custom_1550334392615{margin-bottom: 40px !important;}&#8221;][vc_gmaps link=&#8221;#E-8_JTNDaWZyYW1lJTIwc3JjJTNEJTIyaHR0cHMlM0ElMkYlMkZ3d3cuZ29vZ2xlLmNvbSUyRm1hcHMlMkZlbWJlZCUzRnBiJTNEJTIxMW0xOCUyMTFtMTIlMjExbTMlMjExZDE5MTM5MS45NjAzODIzMTkzJTIxMmQyLjE4Mjg0Mjk1MTI2MzY4NTUlMjEzZDQxLjQ1MDA4MzA3OTA1MjM0JTIxMm0zJTIxMWYwJTIxMmYwJTIxM2YwJTIxM20yJTIxMWkxMDI0JTIxMmk3NjglMjE0ZjEzLjElMjEzbTMlMjExbTIlMjExczB4MTJhNDgyY2JmNDMzY2I4MyUyNTNBMHhiNDU3YzUyZjdiYTQzMDg0JTIxMnNBZG1pbmlzdHJhZG9ycyUyNTIwZGUlMjUyMEZpbnF1ZXMlMjUyMEdlc3Rjb20lMjUyMFMuTCUyMTVlMCUyMTNtMiUyMTFzZXMlMjEyc2VzJTIxNHYxNTgzODU1NDY2ODM5JTIxNW0yJTIxMXNlcyUyMTJzZXMlMjIlMjB3aWR0aCUzRCUyMjYwMCUyMiUyMGhlaWdodCUzRCUyMjQ1MCUyMiUyMGZyYW1lYm9yZGVyJTNEJTIyMCUyMiUyMHN0eWxlJTNEJTIyYm9yZGVyJTNBMCUzQiUyMiUyMGFsbG93ZnVsbHNjcmVlbiUzRCUyMiUyMiUzRSUzQyUyRmlmcmFtZSUzRQ==&#8221;][\/vc_column][vc_column width=&#8221;1\/2&#8243;][vc_separator type=&#8221;transparent&#8221; up=&#8221;10&#8243;][vc_separator type=&#8221;transparent&#8221; up=&#8221;10&#8243;][vc_separator type=&#8221;transparent&#8221; up=&#8221;10&#8243;][vc_column_text css=&#8221;.vc_custom_1583392212567{padding-top: -40px !important;padding-left: 40px !important;}&#8221; el_class=&#8221;tel-contacto&#8221;]93 664 13 79[\/vc_column_text][\/vc_column][\/vc_row][vc_row css_animation=&#8221;&#8221; row_type=&#8221;row&#8221; use_row_as_full_screen_section=&#8221;no&#8221; type=&#8221;full_width&#8221; angled_section=&#8221;no&#8221; text_align=&#8221;left&#8221; background_image_as_pattern=&#8221;without_pattern&#8221; z_index=&#8221;&#8221; css=&#8221;.vc_custom_1550334647635{margin-top: 40px !important;}&#8221;][vc_column][vc_separator type=&#8221;normal&#8221;&#8230;<\/p>\n","protected":false},"author":1,"featured_media":0,"parent":0,"menu_order":0,"comment_status":"closed","ping_status":"closed","template":"","meta":{"footnotes":""},"class_list":["post-215","page","type-page","status-publish","hentry"],"yoast_head":"<!-- This site is optimized with the Yoast SEO plugin v26.7 - https:\/\/yoast.com\/wordpress\/plugins\/seo\/ -->\n<title>Contacte - GestCom<\/title>\n<meta name=\"description\" content=\"Contacta amb Gestcom, gestoria especialitzada en l&#039;administraci\u00f3 de finques i serveis immobiliaris a Castelldefels (Barcelona).\" \/>\n<meta name=\"robots\" content=\"index, follow, max-snippet:-1, max-image-preview:large, max-video-preview:-1\" \/>\n<link rel=\"canonical\" href=\"https:\/\/felsgestcom.com\/ca\/contacte\/\" \/>\n<meta property=\"og:locale\" content=\"ca_ES\" \/>\n<meta property=\"og:type\" content=\"article\" \/>\n<meta property=\"og:title\" content=\"Contacte - GestCom\" \/>\n<meta property=\"og:description\" content=\"Contacta amb Gestcom, gestoria especialitzada en l&#039;administraci\u00f3 de finques i serveis immobiliaris a Castelldefels (Barcelona).\" \/>\n<meta property=\"og:url\" content=\"https:\/\/felsgestcom.com\/ca\/contacte\/\" \/>\n<meta property=\"og:site_name\" content=\"GestCom\" \/>\n<meta property=\"article:modified_time\" content=\"2024-06-20T11:11:06+00:00\" \/>\n<meta name=\"twitter:card\" content=\"summary_large_image\" \/>\n<meta name=\"twitter:label1\" content=\"Temps estimat de lectura\" \/>\n\t<meta name=\"twitter:data1\" content=\"1 minut\" \/>\n<script type=\"application\/ld+json\" class=\"yoast-schema-graph\">{\"@context\":\"https:\/\/schema.org\",\"@graph\":[{\"@type\":\"WebPage\",\"@id\":\"https:\/\/felsgestcom.com\/ca\/contacte\/\",\"url\":\"https:\/\/felsgestcom.com\/ca\/contacte\/\",\"name\":\"Contacte - GestCom\",\"isPartOf\":{\"@id\":\"https:\/\/felsgestcom.com\/ca\/#website\"},\"datePublished\":\"2020-03-25T10:02:52+00:00\",\"dateModified\":\"2024-06-20T11:11:06+00:00\",\"description\":\"Contacta amb Gestcom, gestoria especialitzada en l'administraci\u00f3 de finques i serveis immobiliaris a Castelldefels (Barcelona).\",\"breadcrumb\":{\"@id\":\"https:\/\/felsgestcom.com\/ca\/contacte\/#breadcrumb\"},\"inLanguage\":\"ca\",\"potentialAction\":[{\"@type\":\"ReadAction\",\"target\":[\"https:\/\/felsgestcom.com\/ca\/contacte\/\"]}]},{\"@type\":\"BreadcrumbList\",\"@id\":\"https:\/\/felsgestcom.com\/ca\/contacte\/#breadcrumb\",\"itemListElement\":[{\"@type\":\"ListItem\",\"position\":1,\"name\":\"Portada\",\"item\":\"https:\/\/felsgestcom.com\/ca\/\"},{\"@type\":\"ListItem\",\"position\":2,\"name\":\"Contacte\"}]},{\"@type\":\"WebSite\",\"@id\":\"https:\/\/felsgestcom.com\/ca\/#website\",\"url\":\"https:\/\/felsgestcom.com\/ca\/\",\"name\":\"GestCom\",\"description\":\"Administraci\u00f3n de fincas\",\"publisher\":{\"@id\":\"https:\/\/felsgestcom.com\/ca\/#organization\"},\"potentialAction\":[{\"@type\":\"SearchAction\",\"target\":{\"@type\":\"EntryPoint\",\"urlTemplate\":\"https:\/\/felsgestcom.com\/ca\/?s={search_term_string}\"},\"query-input\":{\"@type\":\"PropertyValueSpecification\",\"valueRequired\":true,\"valueName\":\"search_term_string\"}}],\"inLanguage\":\"ca\"},{\"@type\":\"Organization\",\"@id\":\"https:\/\/felsgestcom.com\/ca\/#organization\",\"name\":\"Gestcom, Administraci\u00f3n de fincas\",\"url\":\"https:\/\/felsgestcom.com\/ca\/\",\"logo\":{\"@type\":\"ImageObject\",\"inLanguage\":\"ca\",\"@id\":\"https:\/\/felsgestcom.com\/ca\/#\/schema\/logo\/image\/\",\"url\":\"https:\/\/felsgestcom.com\/wp-content\/uploads\/2019\/12\/logo-gestcom.png\",\"contentUrl\":\"https:\/\/felsgestcom.com\/wp-content\/uploads\/2019\/12\/logo-gestcom.png\",\"width\":392,\"height\":100,\"caption\":\"Gestcom, Administraci\u00f3n de fincas\"},\"image\":{\"@id\":\"https:\/\/felsgestcom.com\/ca\/#\/schema\/logo\/image\/\"}}]}<\/script>\n<!-- \/ Yoast SEO plugin. -->","yoast_head_json":{"title":"Contacte - GestCom","description":"Contacta amb Gestcom, gestoria especialitzada en l'administraci\u00f3 de finques i serveis immobiliaris a Castelldefels (Barcelona).","robots":{"index":"index","follow":"follow","max-snippet":"max-snippet:-1","max-image-preview":"max-image-preview:large","max-video-preview":"max-video-preview:-1"},"canonical":"https:\/\/felsgestcom.com\/ca\/contacte\/","og_locale":"ca_ES","og_type":"article","og_title":"Contacte - GestCom","og_description":"Contacta amb Gestcom, gestoria especialitzada en l'administraci\u00f3 de finques i serveis immobiliaris a Castelldefels (Barcelona).","og_url":"https:\/\/felsgestcom.com\/ca\/contacte\/","og_site_name":"GestCom","article_modified_time":"2024-06-20T11:11:06+00:00","twitter_card":"summary_large_image","twitter_misc":{"Temps estimat de lectura":"1 minut"},"schema":{"@context":"https:\/\/schema.org","@graph":[{"@type":"WebPage","@id":"https:\/\/felsgestcom.com\/ca\/contacte\/","url":"https:\/\/felsgestcom.com\/ca\/contacte\/","name":"Contacte - GestCom","isPartOf":{"@id":"https:\/\/felsgestcom.com\/ca\/#website"},"datePublished":"2020-03-25T10:02:52+00:00","dateModified":"2024-06-20T11:11:06+00:00","description":"Contacta amb Gestcom, gestoria especialitzada en l'administraci\u00f3 de finques i serveis immobiliaris a Castelldefels (Barcelona).","breadcrumb":{"@id":"https:\/\/felsgestcom.com\/ca\/contacte\/#breadcrumb"},"inLanguage":"ca","potentialAction":[{"@type":"ReadAction","target":["https:\/\/felsgestcom.com\/ca\/contacte\/"]}]},{"@type":"BreadcrumbList","@id":"https:\/\/felsgestcom.com\/ca\/contacte\/#breadcrumb","itemListElement":[{"@type":"ListItem","position":1,"name":"Portada","item":"https:\/\/felsgestcom.com\/ca\/"},{"@type":"ListItem","position":2,"name":"Contacte"}]},{"@type":"WebSite","@id":"https:\/\/felsgestcom.com\/ca\/#website","url":"https:\/\/felsgestcom.com\/ca\/","name":"GestCom","description":"Administraci\u00f3n de fincas","publisher":{"@id":"https:\/\/felsgestcom.com\/ca\/#organization"},"potentialAction":[{"@type":"SearchAction","target":{"@type":"EntryPoint","urlTemplate":"https:\/\/felsgestcom.com\/ca\/?s={search_term_string}"},"query-input":{"@type":"PropertyValueSpecification","valueRequired":true,"valueName":"search_term_string"}}],"inLanguage":"ca"},{"@type":"Organization","@id":"https:\/\/felsgestcom.com\/ca\/#organization","name":"Gestcom, Administraci\u00f3n de fincas","url":"https:\/\/felsgestcom.com\/ca\/","logo":{"@type":"ImageObject","inLanguage":"ca","@id":"https:\/\/felsgestcom.com\/ca\/#\/schema\/logo\/image\/","url":"https:\/\/felsgestcom.com\/wp-content\/uploads\/2019\/12\/logo-gestcom.png","contentUrl":"https:\/\/felsgestcom.com\/wp-content\/uploads\/2019\/12\/logo-gestcom.png","width":392,"height":100,"caption":"Gestcom, Administraci\u00f3n de fincas"},"image":{"@id":"https:\/\/felsgestcom.com\/ca\/#\/schema\/logo\/image\/"}}]}},"_links":{"self":[{"href":"https:\/\/felsgestcom.com\/ca\/wp-json\/wp\/v2\/pages\/215","targetHints":{"allow":["GET"]}}],"collection":[{"href":"https:\/\/felsgestcom.com\/ca\/wp-json\/wp\/v2\/pages"}],"about":[{"href":"https:\/\/felsgestcom.com\/ca\/wp-json\/wp\/v2\/types\/page"}],"author":[{"embeddable":true,"href":"https:\/\/felsgestcom.com\/ca\/wp-json\/wp\/v2\/users\/1"}],"replies":[{"embeddable":true,"href":"https:\/\/felsgestcom.com\/ca\/wp-json\/wp\/v2\/comments?post=215"}],"version-history":[{"count":6,"href":"https:\/\/felsgestcom.com\/ca\/wp-json\/wp\/v2\/pages\/215\/revisions"}],"predecessor-version":[{"id":252,"href":"https:\/\/felsgestcom.com\/ca\/wp-json\/wp\/v2\/pages\/215\/revisions\/252"}],"wp:attachment":[{"href":"https:\/\/felsgestcom.com\/ca\/wp-json\/wp\/v2\/media?parent=215"}],"curies":[{"name":"wp","href":"https:\/\/api.w.org\/{rel}","templated":true}]}}