{"id":214,"date":"2020-03-25T11:00:55","date_gmt":"2020-03-25T10:00:55","guid":{"rendered":"https:\/\/felsgestcom.com\/solicitar-presupuesto\/"},"modified":"2020-03-25T11:16:58","modified_gmt":"2020-03-25T10:16:58","slug":"sol%c2%b7licitar-pressupost","status":"publish","type":"page","link":"https:\/\/felsgestcom.com\/ca\/sol%c2%b7licitar-pressupost\/","title":{"rendered":"Sol\u00b7licitar Pressupost"},"content":{"rendered":"<div class=\"wpb-content-wrapper\"><p>[vc_row css_animation=&#8221;&#8221; row_type=&#8221;row&#8221; use_row_as_full_screen_section=&#8221;no&#8221; type=&#8221;full_width&#8221; angled_section=&#8221;no&#8221; text_align=&#8221;left&#8221; background_image_as_pattern=&#8221;without_pattern&#8221;][vc_column]\n<div class=\"wpcf7 no-js\" id=\"wpcf7-f188-o1\" lang=\"es-ES\" dir=\"ltr\" data-wpcf7-id=\"188\">\n<div class=\"screen-reader-response\"><p role=\"status\" aria-live=\"polite\" aria-atomic=\"true\"><\/p> <ul><\/ul><\/div>\n<form action=\"\/ca\/wp-json\/wp\/v2\/pages\/214#wpcf7-f188-o1\" method=\"post\" class=\"wpcf7-form init cf7_custom_style_1\" aria-label=\"Formulario de contacto\" novalidate=\"novalidate\" data-status=\"init\">\n<fieldset class=\"hidden-fields-container\"><input type=\"hidden\" name=\"_wpcf7\" value=\"188\" \/><input type=\"hidden\" name=\"_wpcf7_version\" value=\"6.1.5\" \/><input type=\"hidden\" name=\"_wpcf7_locale\" value=\"es_ES\" \/><input type=\"hidden\" name=\"_wpcf7_unit_tag\" value=\"wpcf7-f188-o1\" \/><input type=\"hidden\" name=\"_wpcf7_container_post\" value=\"0\" \/><input type=\"hidden\" name=\"_wpcf7_posted_data_hash\" value=\"\" \/><input type=\"hidden\" name=\"_wpcf7_recaptcha_response\" value=\"\" \/>\n<\/fieldset>\n<p><label> Nom de la comunitat<br \/>\n<span class=\"wpcf7-form-control-wrap\" data-name=\"comunidad\"><input size=\"40\" maxlength=\"400\" class=\"wpcf7-form-control wpcf7-text wpcf7-validates-as-required\" aria-required=\"true\" aria-invalid=\"false\" value=\"\" type=\"text\" name=\"comunidad\" \/><\/span> <\/label>\n<\/p>\n<p><label> Direcci\u00f3<br \/>\n<span class=\"wpcf7-form-control-wrap\" data-name=\"direccion\"><input size=\"40\" maxlength=\"400\" class=\"wpcf7-form-control wpcf7-text wpcf7-validates-as-required\" aria-required=\"true\" aria-invalid=\"false\" value=\"\" type=\"text\" name=\"direccion\" \/><\/span> <\/label>\n<\/p>\n<p><label> Ciudad<br \/>\n<span class=\"wpcf7-form-control-wrap\" data-name=\"ciudad\"><input size=\"40\" maxlength=\"400\" class=\"wpcf7-form-control wpcf7-text wpcf7-validates-as-required\" aria-required=\"true\" aria-invalid=\"false\" value=\"\" type=\"text\" name=\"ciudad\" \/><\/span> <\/label>\n<\/p>\n<div class=\"col-pres-1\">\n\t<h2> Serveis\n\t<\/h2>\n\t<p><label> Numero d'habitatges<br \/>\n<span class=\"wpcf7-form-control-wrap\" data-name=\"viviendas\"><input size=\"40\" maxlength=\"400\" class=\"wpcf7-form-control wpcf7-text wpcf7-validates-as-required\" aria-required=\"true\" aria-invalid=\"false\" value=\"\" type=\"text\" name=\"viviendas\" \/><\/span> <\/label>\n\t<\/p>\n\t<div class=\"c-ascensor\">\n\t\t<p>Ascensor:<span class=\"wpcf7-form-control-wrap\" data-name=\"ascensor\"><span class=\"wpcf7-form-control wpcf7-radio\"><span class=\"wpcf7-list-item first\"><input type=\"radio\" name=\"ascensor\" value=\"Si\" checked=\"checked\" \/><span class=\"wpcf7-list-item-label\">Si<\/span><\/span><span class=\"wpcf7-list-item last\"><input type=\"radio\" name=\"ascensor\" value=\"No\" \/><span class=\"wpcf7-list-item-label\">No<\/span><\/span><\/span><\/span>\n\t\t<\/p>\n\t<\/div>\n\t<div class=\"c-piscina\">\n\t\t<p>Piscina: <span class=\"wpcf7-form-control-wrap\" data-name=\"piscina\"><span class=\"wpcf7-form-control wpcf7-radio\"><span class=\"wpcf7-list-item first\"><input type=\"radio\" name=\"piscina\" value=\"Si\" \/><span class=\"wpcf7-list-item-label\">Si<\/span><\/span><span class=\"wpcf7-list-item last\"><input type=\"radio\" name=\"piscina\" value=\"No\" checked=\"checked\" \/><span class=\"wpcf7-list-item-label\">No<\/span><\/span><\/span><\/span>\n\t\t<\/p>\n\t<\/div>\n\t<p><label class=\"c-otros\"> Altres:<br \/>\n<span class=\"wpcf7-form-control-wrap\" data-name=\"otros\"><textarea cols=\"40\" rows=\"10\" maxlength=\"2000\" class=\"wpcf7-form-control wpcf7-textarea\" aria-invalid=\"false\" name=\"otros\"><\/textarea><\/span> <\/label>\n\t<\/p>\n<\/div>\n<div class=\"col-pres-2\">\n\t<h2> Contacte\n\t<\/h2>\n\t<p><label> Persona de contacte<br \/>\n<span class=\"wpcf7-form-control-wrap\" data-name=\"your-name\"><input size=\"40\" maxlength=\"400\" class=\"wpcf7-form-control wpcf7-text wpcf7-validates-as-required\" aria-required=\"true\" aria-invalid=\"false\" value=\"\" type=\"text\" name=\"your-name\" \/><\/span> <\/label>\n\t<\/p>\n\t<p><label> Email de contacte<br \/>\n<span class=\"wpcf7-form-control-wrap\" data-name=\"your-email\"><input size=\"40\" maxlength=\"400\" class=\"wpcf7-form-control wpcf7-email wpcf7-validates-as-required wpcf7-text wpcf7-validates-as-email\" aria-required=\"true\" aria-invalid=\"false\" value=\"\" type=\"email\" name=\"your-email\" \/><\/span> <\/label>\n\t<\/p>\n\t<p><label> Tel\u00e8fon<br \/>\n<span class=\"wpcf7-form-control-wrap\" data-name=\"telefono\"><input size=\"40\" maxlength=\"400\" class=\"wpcf7-form-control wpcf7-tel wpcf7-validates-as-required wpcf7-text wpcf7-validates-as-tel\" aria-required=\"true\" aria-invalid=\"false\" value=\"\" type=\"tel\" name=\"telefono\" \/><\/span> <\/label>\n\t<\/p>\n<\/div>\n<div class=\"col-pres-3\">\n\t<div class=\"politica\">\n\t\t<p><strong>Informaci\u00f3 b\u00e0sica en protecci\u00f3 de dade:<\/strong>D'acord amb el RGPD i la LOPDGDD, Administraci\u00f3 de finques Gestcom, S.L.U. tractar\u00e0 les dades facilitades, amb la finalitat de contestar els dubtes i \/ o queixes plantejades a trav\u00e9s d'aquest formulari i facilitar la informaci\u00f3 sol\u00b7licitada. Sempre que ens ho autoritzi pr\u00e8viament, enviarem informaci\u00f3 relacionada amb l'activitat oferta per Administraci\u00f3 de finques Gestcom, S.L.U. Podr\u00e0 exercir, si ho desitja, els drets d'acc\u00e9s, rectificaci\u00f3, supressi\u00f3, i altres reconeguts en la normativa esmentada. Per obtenir m\u00e9s informaci\u00f3 sobre com estem tractant les seves dades, accedeixi a la nostra pol\u00edtica de privacitat.\n\t\t<\/p>\n\t<\/div>\n\t<p><span class=\"wpcf7-form-control-wrap\" data-name=\"acceptance-867\"><span class=\"wpcf7-form-control wpcf7-acceptance\"><span class=\"wpcf7-list-item\"><label><input type=\"checkbox\" name=\"acceptance-867\" value=\"1\" aria-invalid=\"false\" \/><span class=\"wpcf7-list-item-label\">ENTENC I ACCEPTO el tractament de les meves dades tal com es descriu anteriorment i s'explica amb m\u00e9s detall en la <a href=\"https:\/\/felsgestcom.com\/ca\/politica-privacitat\/\" target=\"_blank\">politica de privacitat.<\/a><i>(la seva negativa a facilitar-nos l'autoritzaci\u00f3 implica la impossibilitat de tractar les seves dades amb la finalitat indicada).<\/i>.<\/span><\/label><\/span><\/span><\/span>\n\t<\/p>\n\t<p><span class=\"wpcf7-form-control-wrap\" data-name=\"acceptance-868\"><span class=\"wpcf7-form-control wpcf7-acceptance optional\"><span class=\"wpcf7-list-item\"><label><input type=\"checkbox\" name=\"acceptance-868\" value=\"1\" aria-invalid=\"false\" \/><span class=\"wpcf7-list-item-label\">ENTENC I ACCEPTO rebre informaci\u00f3 en els termes abans indicats sobre l'activitat de Administraci\u00f3 de finques Gestcom, S.L.U. (la seva negativa a facilitar-nos l'autoritzaci\u00f3 implica la impossibilitat de tractar les seves dades amb la finalitat indicada).<\/i>.<\/span><\/label><\/span><\/span><\/span>\n\t<\/p>\n\t<p><input class=\"wpcf7-form-control wpcf7-submit has-spinner\" type=\"submit\" value=\"Enviar\" \/>\n\t<\/p>\n<\/div><div class=\"wpcf7-response-output\" aria-hidden=\"true\"><\/div>\n<\/form>\n<\/div>\n[\/vc_column][\/vc_row]<\/p>\n<\/div>","protected":false},"excerpt":{"rendered":"<p>[vc_row css_animation=&#8221;&#8221; row_type=&#8221;row&#8221; use_row_as_full_screen_section=&#8221;no&#8221; type=&#8221;full_width&#8221; angled_section=&#8221;no&#8221; text_align=&#8221;left&#8221; background_image_as_pattern=&#8221;without_pattern&#8221;][vc_column][\/vc_column][\/vc_row]<\/p>\n","protected":false},"author":1,"featured_media":0,"parent":0,"menu_order":0,"comment_status":"closed","ping_status":"closed","template":"","meta":{"footnotes":""},"class_list":["post-214","page","type-page","status-publish","hentry"],"yoast_head":"<!-- This site is optimized with the Yoast SEO plugin v26.7 - https:\/\/yoast.com\/wordpress\/plugins\/seo\/ -->\n<title>Sol\u00b7licitar Pressupost - GestCom<\/title>\n<meta name=\"description\" content=\"Sol\u00b7licita el teu pressupost amb Gestcom, gestoria especialitzada en l&#039;administraci\u00f3 de finques i serveis immobiliaris a Castelldefels (Barcelona).\" \/>\n<meta name=\"robots\" content=\"index, follow, max-snippet:-1, max-image-preview:large, max-video-preview:-1\" \/>\n<link rel=\"canonical\" href=\"https:\/\/felsgestcom.com\/ca\/sol%c2%b7licitar-pressupost\/\" \/>\n<meta property=\"og:locale\" content=\"ca_ES\" \/>\n<meta property=\"og:type\" content=\"article\" \/>\n<meta property=\"og:title\" content=\"Sol\u00b7licitar Pressupost - GestCom\" \/>\n<meta property=\"og:description\" content=\"Sol\u00b7licita el teu pressupost amb Gestcom, gestoria especialitzada en l&#039;administraci\u00f3 de finques i serveis immobiliaris a Castelldefels (Barcelona).\" \/>\n<meta property=\"og:url\" content=\"https:\/\/felsgestcom.com\/ca\/sol%c2%b7licitar-pressupost\/\" \/>\n<meta property=\"og:site_name\" content=\"GestCom\" \/>\n<meta property=\"article:modified_time\" content=\"2020-03-25T10:16:58+00:00\" \/>\n<meta name=\"twitter:card\" content=\"summary_large_image\" \/>\n<script type=\"application\/ld+json\" class=\"yoast-schema-graph\">{\"@context\":\"https:\/\/schema.org\",\"@graph\":[{\"@type\":\"WebPage\",\"@id\":\"https:\/\/felsgestcom.com\/ca\/sol%c2%b7licitar-pressupost\/\",\"url\":\"https:\/\/felsgestcom.com\/ca\/sol%c2%b7licitar-pressupost\/\",\"name\":\"Sol\u00b7licitar Pressupost - GestCom\",\"isPartOf\":{\"@id\":\"https:\/\/felsgestcom.com\/ca\/#website\"},\"datePublished\":\"2020-03-25T10:00:55+00:00\",\"dateModified\":\"2020-03-25T10:16:58+00:00\",\"description\":\"Sol\u00b7licita el teu pressupost amb Gestcom, gestoria especialitzada en l'administraci\u00f3 de finques i serveis immobiliaris a Castelldefels (Barcelona).\",\"breadcrumb\":{\"@id\":\"https:\/\/felsgestcom.com\/ca\/sol%c2%b7licitar-pressupost\/#breadcrumb\"},\"inLanguage\":\"ca\",\"potentialAction\":[{\"@type\":\"ReadAction\",\"target\":[\"https:\/\/felsgestcom.com\/ca\/sol%c2%b7licitar-pressupost\/\"]}]},{\"@type\":\"BreadcrumbList\",\"@id\":\"https:\/\/felsgestcom.com\/ca\/sol%c2%b7licitar-pressupost\/#breadcrumb\",\"itemListElement\":[{\"@type\":\"ListItem\",\"position\":1,\"name\":\"Portada\",\"item\":\"https:\/\/felsgestcom.com\/ca\/\"},{\"@type\":\"ListItem\",\"position\":2,\"name\":\"Sol\u00b7licitar Pressupost\"}]},{\"@type\":\"WebSite\",\"@id\":\"https:\/\/felsgestcom.com\/ca\/#website\",\"url\":\"https:\/\/felsgestcom.com\/ca\/\",\"name\":\"GestCom\",\"description\":\"Administraci\u00f3n de fincas\",\"publisher\":{\"@id\":\"https:\/\/felsgestcom.com\/ca\/#organization\"},\"potentialAction\":[{\"@type\":\"SearchAction\",\"target\":{\"@type\":\"EntryPoint\",\"urlTemplate\":\"https:\/\/felsgestcom.com\/ca\/?s={search_term_string}\"},\"query-input\":{\"@type\":\"PropertyValueSpecification\",\"valueRequired\":true,\"valueName\":\"search_term_string\"}}],\"inLanguage\":\"ca\"},{\"@type\":\"Organization\",\"@id\":\"https:\/\/felsgestcom.com\/ca\/#organization\",\"name\":\"Gestcom, Administraci\u00f3n de fincas\",\"url\":\"https:\/\/felsgestcom.com\/ca\/\",\"logo\":{\"@type\":\"ImageObject\",\"inLanguage\":\"ca\",\"@id\":\"https:\/\/felsgestcom.com\/ca\/#\/schema\/logo\/image\/\",\"url\":\"https:\/\/felsgestcom.com\/wp-content\/uploads\/2019\/12\/logo-gestcom.png\",\"contentUrl\":\"https:\/\/felsgestcom.com\/wp-content\/uploads\/2019\/12\/logo-gestcom.png\",\"width\":392,\"height\":100,\"caption\":\"Gestcom, Administraci\u00f3n de fincas\"},\"image\":{\"@id\":\"https:\/\/felsgestcom.com\/ca\/#\/schema\/logo\/image\/\"}}]}<\/script>\n<!-- \/ Yoast SEO plugin. -->","yoast_head_json":{"title":"Sol\u00b7licitar Pressupost - GestCom","description":"Sol\u00b7licita el teu pressupost amb Gestcom, gestoria especialitzada en l'administraci\u00f3 de finques i serveis immobiliaris a Castelldefels (Barcelona).","robots":{"index":"index","follow":"follow","max-snippet":"max-snippet:-1","max-image-preview":"max-image-preview:large","max-video-preview":"max-video-preview:-1"},"canonical":"https:\/\/felsgestcom.com\/ca\/sol%c2%b7licitar-pressupost\/","og_locale":"ca_ES","og_type":"article","og_title":"Sol\u00b7licitar Pressupost - GestCom","og_description":"Sol\u00b7licita el teu pressupost amb Gestcom, gestoria especialitzada en l'administraci\u00f3 de finques i serveis immobiliaris a Castelldefels (Barcelona).","og_url":"https:\/\/felsgestcom.com\/ca\/sol%c2%b7licitar-pressupost\/","og_site_name":"GestCom","article_modified_time":"2020-03-25T10:16:58+00:00","twitter_card":"summary_large_image","schema":{"@context":"https:\/\/schema.org","@graph":[{"@type":"WebPage","@id":"https:\/\/felsgestcom.com\/ca\/sol%c2%b7licitar-pressupost\/","url":"https:\/\/felsgestcom.com\/ca\/sol%c2%b7licitar-pressupost\/","name":"Sol\u00b7licitar Pressupost - GestCom","isPartOf":{"@id":"https:\/\/felsgestcom.com\/ca\/#website"},"datePublished":"2020-03-25T10:00:55+00:00","dateModified":"2020-03-25T10:16:58+00:00","description":"Sol\u00b7licita el teu pressupost amb Gestcom, gestoria especialitzada en l'administraci\u00f3 de finques i serveis immobiliaris a Castelldefels (Barcelona).","breadcrumb":{"@id":"https:\/\/felsgestcom.com\/ca\/sol%c2%b7licitar-pressupost\/#breadcrumb"},"inLanguage":"ca","potentialAction":[{"@type":"ReadAction","target":["https:\/\/felsgestcom.com\/ca\/sol%c2%b7licitar-pressupost\/"]}]},{"@type":"BreadcrumbList","@id":"https:\/\/felsgestcom.com\/ca\/sol%c2%b7licitar-pressupost\/#breadcrumb","itemListElement":[{"@type":"ListItem","position":1,"name":"Portada","item":"https:\/\/felsgestcom.com\/ca\/"},{"@type":"ListItem","position":2,"name":"Sol\u00b7licitar Pressupost"}]},{"@type":"WebSite","@id":"https:\/\/felsgestcom.com\/ca\/#website","url":"https:\/\/felsgestcom.com\/ca\/","name":"GestCom","description":"Administraci\u00f3n de fincas","publisher":{"@id":"https:\/\/felsgestcom.com\/ca\/#organization"},"potentialAction":[{"@type":"SearchAction","target":{"@type":"EntryPoint","urlTemplate":"https:\/\/felsgestcom.com\/ca\/?s={search_term_string}"},"query-input":{"@type":"PropertyValueSpecification","valueRequired":true,"valueName":"search_term_string"}}],"inLanguage":"ca"},{"@type":"Organization","@id":"https:\/\/felsgestcom.com\/ca\/#organization","name":"Gestcom, Administraci\u00f3n de fincas","url":"https:\/\/felsgestcom.com\/ca\/","logo":{"@type":"ImageObject","inLanguage":"ca","@id":"https:\/\/felsgestcom.com\/ca\/#\/schema\/logo\/image\/","url":"https:\/\/felsgestcom.com\/wp-content\/uploads\/2019\/12\/logo-gestcom.png","contentUrl":"https:\/\/felsgestcom.com\/wp-content\/uploads\/2019\/12\/logo-gestcom.png","width":392,"height":100,"caption":"Gestcom, Administraci\u00f3n de fincas"},"image":{"@id":"https:\/\/felsgestcom.com\/ca\/#\/schema\/logo\/image\/"}}]}},"_links":{"self":[{"href":"https:\/\/felsgestcom.com\/ca\/wp-json\/wp\/v2\/pages\/214","targetHints":{"allow":["GET"]}}],"collection":[{"href":"https:\/\/felsgestcom.com\/ca\/wp-json\/wp\/v2\/pages"}],"about":[{"href":"https:\/\/felsgestcom.com\/ca\/wp-json\/wp\/v2\/types\/page"}],"author":[{"embeddable":true,"href":"https:\/\/felsgestcom.com\/ca\/wp-json\/wp\/v2\/users\/1"}],"replies":[{"embeddable":true,"href":"https:\/\/felsgestcom.com\/ca\/wp-json\/wp\/v2\/comments?post=214"}],"version-history":[{"count":2,"href":"https:\/\/felsgestcom.com\/ca\/wp-json\/wp\/v2\/pages\/214\/revisions"}],"predecessor-version":[{"id":228,"href":"https:\/\/felsgestcom.com\/ca\/wp-json\/wp\/v2\/pages\/214\/revisions\/228"}],"wp:attachment":[{"href":"https:\/\/felsgestcom.com\/ca\/wp-json\/wp\/v2\/media?parent=214"}],"curies":[{"name":"wp","href":"https:\/\/api.w.org\/{rel}","templated":true}]}}