{"id":211,"date":"2020-03-25T10:59:19","date_gmt":"2020-03-25T09:59:19","guid":{"rendered":"https:\/\/felsgestcom.com\/acces-24h\/"},"modified":"2020-03-25T10:59:19","modified_gmt":"2020-03-25T09:59:19","slug":"acces-24h","status":"publish","type":"page","link":"https:\/\/felsgestcom.com\/ca\/acces-24h\/","title":{"rendered":"Acc\u00e9s 24h"},"content":{"rendered":"<div class=\"wpb-content-wrapper\"><p>[vc_row css_animation=&#8221;&#8221; row_type=&#8221;row&#8221; use_row_as_full_screen_section=&#8221;no&#8221; type=&#8221;grid&#8221; angled_section=&#8221;no&#8221; text_align=&#8221;center&#8221; background_image_as_pattern=&#8221;without_pattern&#8221; full_width=&#8221;stretch_row&#8221; default_id=&#8221;themesflat_1524534705&#8243; z_index=&#8221;&#8221;][vc_column css_animation=&#8221;fadeInUp&#8221;][vc_separator type=&#8221;transparent&#8221; up=&#8221;50&#8243;][vc_column_text]<\/p>\n<h2>Les noves tecnologies agilitzen i faciliten les gestions que es deriven d\u2019una administraci\u00f3 de finques&#8230;<\/h2>\n<p>[\/vc_column_text][vc_separator type=&#8221;transparent&#8221; up=&#8221;50&#8243;][\/vc_column][\/vc_row][vc_row css_animation=&#8221;&#8221; row_type=&#8221;row&#8221; use_row_as_full_screen_section=&#8221;no&#8221; type=&#8221;grid&#8221; angled_section=&#8221;no&#8221; text_align=&#8221;left&#8221; background_image_as_pattern=&#8221;without_pattern&#8221; z_index=&#8221;&#8221; el_class=&#8221;destacada&#8221;][vc_column css_animation=&#8221;fadeInLeft&#8221; width=&#8221;1\/2&#8243;][vc_single_image image=&#8221;170&#8243; img_size=&#8221;full&#8221; alignment=&#8221;center&#8221; qode_css_animation=&#8221;element_from_fade&#8221;][vc_row_inner row_type=&#8221;row&#8221; type=&#8221;full_width&#8221; text_align=&#8221;left&#8221; css_animation=&#8221;&#8221;][vc_column_inner offset=&#8221;vc_hidden-lg&#8221;][vc_separator type=&#8221;transparent&#8221; el_class=&#8221;sepa&#8221; up=&#8221;30&#8243;][\/vc_column_inner][\/vc_row_inner][\/vc_column][vc_column css_animation=&#8221;fadeInRight&#8221; width=&#8221;1\/2&#8243;][vc_column_text]<\/p>\n<h3>La comunicaci\u00f3 digital comporta no s\u00f2ls a un estalvi significatiu del temps sin\u00f3 que, am\u00e9s redunda en una comoditat ja que evita despla\u00e7aments innecessaris per als propietaris dels immobles.<\/h3>\n<p>[\/vc_column_text][vc_separator type=&#8221;transparent&#8221; up=&#8221;20&#8243;][vc_column_text]A trav\u00e9s de la plataforma tecnol\u00f2gica de Gestcom, els presidents de les comunitats i tots els seus propietaris, poden accedir a <strong>tota la informaci\u00f3 corresponen a la seva finca<\/strong>.[\/vc_column_text][\/vc_column][\/vc_row][vc_row css_animation=&#8221;&#8221; row_type=&#8221;row&#8221; use_row_as_full_screen_section=&#8221;no&#8221; type=&#8221;grid&#8221; angled_section=&#8221;no&#8221; text_align=&#8221;left&#8221; background_image_as_pattern=&#8221;without_pattern&#8221; z_index=&#8221;&#8221;][vc_column css_animation=&#8221;fadeInUp&#8221;][vc_separator type=&#8221;transparent&#8221; up=&#8221;50&#8243;][vc_column_text]<\/p>\n<h4>Avantatges de l\u2019era digital aplicada a la administraci\u00f3 de finques:<\/h4>\n<p>[\/vc_column_text][vc_separator type=&#8221;transparent&#8221; up=&#8221;10&#8243;][\/vc_column][\/vc_row][vc_row css_animation=&#8221;&#8221; row_type=&#8221;row&#8221; use_row_as_full_screen_section=&#8221;no&#8221; type=&#8221;grid&#8221; angled_section=&#8221;no&#8221; text_align=&#8221;left&#8221; background_image_as_pattern=&#8221;without_pattern&#8221; z_index=&#8221;&#8221;][vc_column css_animation=&#8221;fadeInLeft&#8221; width=&#8221;1\/2&#8243;]<div class='q_list circle animate_list'><\/p>\n<ul>\n<li>Ingr\u00e9s confidencial a l\u2019\u00e0rea de la comunitat de propietaris, amb contrasenya i via Internet.<\/li>\n<li>Acc\u00e9s les 24 h, els 365 dies de l\u2019any.<\/li>\n<li>Informaci\u00f3 sempre actualitzada.<\/li>\n<li>Disponibilitat amb opci\u00f3 de desc\u00e0rrega de tota la documentaci\u00f3.<\/li>\n<li>Recepci\u00f3 d\u2019arxius digitals.<\/li>\n<\/ul>\n<p><\/div>[\/vc_column][vc_column css_animation=&#8221;fadeInRight&#8221; width=&#8221;1\/2&#8243;]<div class='q_list circle animate_list'><\/p>\n<ul>\n<li>Tractament inform\u00e0tic de tota la documentaci\u00f3 administrativa i comptable.<\/li>\n<li>Comunicaci\u00f3 \u00e0gil a trav\u00e9s del formulari de contacte i del correu electr\u00f2nic.<\/li>\n<li>Consulta de la situaci\u00f3 dels treballs en curs o per realitzar.<\/li>\n<li>B\u00fastia de suggeriments i millores.<\/li>\n<\/ul>\n<p><\/div>[\/vc_column][\/vc_row][vc_row css_animation=&#8221;&#8221; row_type=&#8221;row&#8221; use_row_as_full_screen_section=&#8221;no&#8221; type=&#8221;grid&#8221; angled_section=&#8221;no&#8221; text_align=&#8221;left&#8221; background_image_as_pattern=&#8221;without_pattern&#8221; css=&#8221;.vc_custom_1576159475062{margin-top: 40px !important;}&#8221; z_index=&#8221;&#8221;][vc_column css_animation=&#8221;bounceInUp&#8221;][vc_row_inner row_type=&#8221;row&#8221; type=&#8221;full_width&#8221; text_align=&#8221;center&#8221; css_animation=&#8221;&#8221; css=&#8221;.vc_custom_1576159538029{padding-top: 40px !important;padding-right: 40px !important;padding-bottom: 40px !important;padding-left: 40px !important;background-color: #000000 !important;}&#8221; el_class=&#8221;call-to-action&#8221;][vc_column_inner width=&#8221;2\/3&#8243;][vc_column_text]<\/p>\n<h2>Algun dubte?<\/h2>\n<h5>Pregunta des de la nostra secci\u00f3 de contacte<\/h5>\n<p>[\/vc_column_text][\/vc_column_inner][vc_column_inner width=&#8221;1\/3&#8243;]\n\n\t<a href=\"https:\/\/felsgestcom.com\/ca\/contacte\/\" target=\"_self\" style=\"color: #000000;background-color: #fbba44;font-size: 20px;font-weight: 600;text-transform: uppercase;margin: 20px 0px\" class=\"qode-btn qode-btn-medium qode-btn-solid qode-btn-custom-hover-bg qode-btn-custom-hover-color mas-info qode-btn-default-hover\" data-hover-bg-color=\"#ffffff\" data-hover-color=\"#fbba44\" >\n\t    <span class=\"qode-btn-text\">+ informacio<\/span>\t<\/a>\n\n[\/vc_column_inner][\/vc_row_inner][\/vc_column][\/vc_row]<\/p>\n<\/div>","protected":false},"excerpt":{"rendered":"<p>[vc_row css_animation=&#8221;&#8221; row_type=&#8221;row&#8221; use_row_as_full_screen_section=&#8221;no&#8221; type=&#8221;grid&#8221; angled_section=&#8221;no&#8221; text_align=&#8221;center&#8221; background_image_as_pattern=&#8221;without_pattern&#8221; full_width=&#8221;stretch_row&#8221; default_id=&#8221;themesflat_1524534705&#8243; z_index=&#8221;&#8221;][vc_column css_animation=&#8221;fadeInUp&#8221;][vc_separator type=&#8221;transparent&#8221; up=&#8221;50&#8243;][vc_column_text] Les noves tecnologies agilitzen i faciliten les gestions que es deriven d\u2019una administraci\u00f3 de finques&#8230; [\/vc_column_text][vc_separator type=&#8221;transparent&#8221; up=&#8221;50&#8243;][\/vc_column][\/vc_row][vc_row css_animation=&#8221;&#8221; row_type=&#8221;row&#8221; use_row_as_full_screen_section=&#8221;no&#8221; type=&#8221;grid&#8221; angled_section=&#8221;no&#8221; text_align=&#8221;left&#8221; background_image_as_pattern=&#8221;without_pattern&#8221; z_index=&#8221;&#8221; el_class=&#8221;destacada&#8221;][vc_column css_animation=&#8221;fadeInLeft&#8221; width=&#8221;1\/2&#8243;][vc_single_image image=&#8221;170&#8243; img_size=&#8221;full&#8221;&#8230;<\/p>\n","protected":false},"author":1,"featured_media":0,"parent":0,"menu_order":0,"comment_status":"closed","ping_status":"closed","template":"full_width.php","meta":{"footnotes":""},"class_list":["post-211","page","type-page","status-publish","hentry"],"yoast_head":"<!-- This site is optimized with the Yoast SEO plugin v26.7 - https:\/\/yoast.com\/wordpress\/plugins\/seo\/ -->\n<title>Acc\u00e9s 24h - GestCom<\/title>\n<meta name=\"description\" content=\"La noves tecnologies agilitzen i faciliten les gestions que es deriven d&#039;una administraci\u00f3 de finques. Gestcom et facilita l&#039;acc\u00e9s a aquestes.\" \/>\n<meta name=\"robots\" content=\"index, follow, max-snippet:-1, max-image-preview:large, max-video-preview:-1\" \/>\n<link rel=\"canonical\" href=\"https:\/\/felsgestcom.com\/ca\/acces-24h\/\" \/>\n<meta property=\"og:locale\" content=\"ca_ES\" \/>\n<meta property=\"og:type\" content=\"article\" \/>\n<meta property=\"og:title\" content=\"Acc\u00e9s 24h - GestCom\" \/>\n<meta property=\"og:description\" content=\"La noves tecnologies agilitzen i faciliten les gestions que es deriven d&#039;una administraci\u00f3 de finques. Gestcom et facilita l&#039;acc\u00e9s a aquestes.\" \/>\n<meta property=\"og:url\" content=\"https:\/\/felsgestcom.com\/ca\/acces-24h\/\" \/>\n<meta property=\"og:site_name\" content=\"GestCom\" \/>\n<meta name=\"twitter:card\" content=\"summary_large_image\" \/>\n<meta name=\"twitter:label1\" content=\"Temps estimat de lectura\" \/>\n\t<meta name=\"twitter:data1\" content=\"3 minuts\" \/>\n<script type=\"application\/ld+json\" class=\"yoast-schema-graph\">{\"@context\":\"https:\/\/schema.org\",\"@graph\":[{\"@type\":\"WebPage\",\"@id\":\"https:\/\/felsgestcom.com\/ca\/acces-24h\/\",\"url\":\"https:\/\/felsgestcom.com\/ca\/acces-24h\/\",\"name\":\"Acc\u00e9s 24h - GestCom\",\"isPartOf\":{\"@id\":\"https:\/\/felsgestcom.com\/ca\/#website\"},\"datePublished\":\"2020-03-25T09:59:19+00:00\",\"description\":\"La noves tecnologies agilitzen i faciliten les gestions que es deriven d'una administraci\u00f3 de finques. Gestcom et facilita l'acc\u00e9s a aquestes.\",\"breadcrumb\":{\"@id\":\"https:\/\/felsgestcom.com\/ca\/acces-24h\/#breadcrumb\"},\"inLanguage\":\"ca\",\"potentialAction\":[{\"@type\":\"ReadAction\",\"target\":[\"https:\/\/felsgestcom.com\/ca\/acces-24h\/\"]}]},{\"@type\":\"BreadcrumbList\",\"@id\":\"https:\/\/felsgestcom.com\/ca\/acces-24h\/#breadcrumb\",\"itemListElement\":[{\"@type\":\"ListItem\",\"position\":1,\"name\":\"Portada\",\"item\":\"https:\/\/felsgestcom.com\/ca\/\"},{\"@type\":\"ListItem\",\"position\":2,\"name\":\"Acc\u00e9s 24h\"}]},{\"@type\":\"WebSite\",\"@id\":\"https:\/\/felsgestcom.com\/ca\/#website\",\"url\":\"https:\/\/felsgestcom.com\/ca\/\",\"name\":\"GestCom\",\"description\":\"Administraci\u00f3n de fincas\",\"publisher\":{\"@id\":\"https:\/\/felsgestcom.com\/ca\/#organization\"},\"potentialAction\":[{\"@type\":\"SearchAction\",\"target\":{\"@type\":\"EntryPoint\",\"urlTemplate\":\"https:\/\/felsgestcom.com\/ca\/?s={search_term_string}\"},\"query-input\":{\"@type\":\"PropertyValueSpecification\",\"valueRequired\":true,\"valueName\":\"search_term_string\"}}],\"inLanguage\":\"ca\"},{\"@type\":\"Organization\",\"@id\":\"https:\/\/felsgestcom.com\/ca\/#organization\",\"name\":\"Gestcom, Administraci\u00f3n de fincas\",\"url\":\"https:\/\/felsgestcom.com\/ca\/\",\"logo\":{\"@type\":\"ImageObject\",\"inLanguage\":\"ca\",\"@id\":\"https:\/\/felsgestcom.com\/ca\/#\/schema\/logo\/image\/\",\"url\":\"https:\/\/felsgestcom.com\/wp-content\/uploads\/2019\/12\/logo-gestcom.png\",\"contentUrl\":\"https:\/\/felsgestcom.com\/wp-content\/uploads\/2019\/12\/logo-gestcom.png\",\"width\":392,\"height\":100,\"caption\":\"Gestcom, Administraci\u00f3n de fincas\"},\"image\":{\"@id\":\"https:\/\/felsgestcom.com\/ca\/#\/schema\/logo\/image\/\"}}]}<\/script>\n<!-- \/ Yoast SEO plugin. -->","yoast_head_json":{"title":"Acc\u00e9s 24h - GestCom","description":"La noves tecnologies agilitzen i faciliten les gestions que es deriven d'una administraci\u00f3 de finques. Gestcom et facilita l'acc\u00e9s a aquestes.","robots":{"index":"index","follow":"follow","max-snippet":"max-snippet:-1","max-image-preview":"max-image-preview:large","max-video-preview":"max-video-preview:-1"},"canonical":"https:\/\/felsgestcom.com\/ca\/acces-24h\/","og_locale":"ca_ES","og_type":"article","og_title":"Acc\u00e9s 24h - GestCom","og_description":"La noves tecnologies agilitzen i faciliten les gestions que es deriven d'una administraci\u00f3 de finques. Gestcom et facilita l'acc\u00e9s a aquestes.","og_url":"https:\/\/felsgestcom.com\/ca\/acces-24h\/","og_site_name":"GestCom","twitter_card":"summary_large_image","twitter_misc":{"Temps estimat de lectura":"3 minuts"},"schema":{"@context":"https:\/\/schema.org","@graph":[{"@type":"WebPage","@id":"https:\/\/felsgestcom.com\/ca\/acces-24h\/","url":"https:\/\/felsgestcom.com\/ca\/acces-24h\/","name":"Acc\u00e9s 24h - GestCom","isPartOf":{"@id":"https:\/\/felsgestcom.com\/ca\/#website"},"datePublished":"2020-03-25T09:59:19+00:00","description":"La noves tecnologies agilitzen i faciliten les gestions que es deriven d'una administraci\u00f3 de finques. Gestcom et facilita l'acc\u00e9s a aquestes.","breadcrumb":{"@id":"https:\/\/felsgestcom.com\/ca\/acces-24h\/#breadcrumb"},"inLanguage":"ca","potentialAction":[{"@type":"ReadAction","target":["https:\/\/felsgestcom.com\/ca\/acces-24h\/"]}]},{"@type":"BreadcrumbList","@id":"https:\/\/felsgestcom.com\/ca\/acces-24h\/#breadcrumb","itemListElement":[{"@type":"ListItem","position":1,"name":"Portada","item":"https:\/\/felsgestcom.com\/ca\/"},{"@type":"ListItem","position":2,"name":"Acc\u00e9s 24h"}]},{"@type":"WebSite","@id":"https:\/\/felsgestcom.com\/ca\/#website","url":"https:\/\/felsgestcom.com\/ca\/","name":"GestCom","description":"Administraci\u00f3n de fincas","publisher":{"@id":"https:\/\/felsgestcom.com\/ca\/#organization"},"potentialAction":[{"@type":"SearchAction","target":{"@type":"EntryPoint","urlTemplate":"https:\/\/felsgestcom.com\/ca\/?s={search_term_string}"},"query-input":{"@type":"PropertyValueSpecification","valueRequired":true,"valueName":"search_term_string"}}],"inLanguage":"ca"},{"@type":"Organization","@id":"https:\/\/felsgestcom.com\/ca\/#organization","name":"Gestcom, Administraci\u00f3n de fincas","url":"https:\/\/felsgestcom.com\/ca\/","logo":{"@type":"ImageObject","inLanguage":"ca","@id":"https:\/\/felsgestcom.com\/ca\/#\/schema\/logo\/image\/","url":"https:\/\/felsgestcom.com\/wp-content\/uploads\/2019\/12\/logo-gestcom.png","contentUrl":"https:\/\/felsgestcom.com\/wp-content\/uploads\/2019\/12\/logo-gestcom.png","width":392,"height":100,"caption":"Gestcom, Administraci\u00f3n de fincas"},"image":{"@id":"https:\/\/felsgestcom.com\/ca\/#\/schema\/logo\/image\/"}}]}},"_links":{"self":[{"href":"https:\/\/felsgestcom.com\/ca\/wp-json\/wp\/v2\/pages\/211","targetHints":{"allow":["GET"]}}],"collection":[{"href":"https:\/\/felsgestcom.com\/ca\/wp-json\/wp\/v2\/pages"}],"about":[{"href":"https:\/\/felsgestcom.com\/ca\/wp-json\/wp\/v2\/types\/page"}],"author":[{"embeddable":true,"href":"https:\/\/felsgestcom.com\/ca\/wp-json\/wp\/v2\/users\/1"}],"replies":[{"embeddable":true,"href":"https:\/\/felsgestcom.com\/ca\/wp-json\/wp\/v2\/comments?post=211"}],"version-history":[{"count":2,"href":"https:\/\/felsgestcom.com\/ca\/wp-json\/wp\/v2\/pages\/211\/revisions"}],"predecessor-version":[{"id":213,"href":"https:\/\/felsgestcom.com\/ca\/wp-json\/wp\/v2\/pages\/211\/revisions\/213"}],"wp:attachment":[{"href":"https:\/\/felsgestcom.com\/ca\/wp-json\/wp\/v2\/media?parent=211"}],"curies":[{"name":"wp","href":"https:\/\/api.w.org\/{rel}","templated":true}]}}