{"id":208,"date":"2020-03-25T10:57:16","date_gmt":"2020-03-25T09:57:16","guid":{"rendered":"https:\/\/felsgestcom.com\/gestio-patrimonial\/"},"modified":"2020-03-25T10:57:16","modified_gmt":"2020-03-25T09:57:16","slug":"gestio-patrimonial","status":"publish","type":"page","link":"https:\/\/felsgestcom.com\/ca\/gestio-patrimonial\/","title":{"rendered":"Gesti\u00f3 Patrimonial"},"content":{"rendered":"<div class=\"wpb-content-wrapper\"><p>[vc_row css_animation=&#8221;&#8221; row_type=&#8221;row&#8221; use_row_as_full_screen_section=&#8221;no&#8221; type=&#8221;grid&#8221; angled_section=&#8221;no&#8221; text_align=&#8221;center&#8221; background_image_as_pattern=&#8221;without_pattern&#8221; full_width=&#8221;stretch_row&#8221; default_id=&#8221;themesflat_1524534705&#8243; z_index=&#8221;&#8221;][vc_column css_animation=&#8221;fadeInUp&#8221;][vc_separator type=&#8221;transparent&#8221; up=&#8221;50&#8243;][vc_column_text]<\/p>\n<h2 style=\"text-align: center;\">Experts en la gesti\u00f3 d&#8217;actius immobiliaris<br \/>\nal Baix Llobregat<\/h2>\n<p>[\/vc_column_text][vc_separator type=&#8221;transparent&#8221; up=&#8221;50&#8243;][\/vc_column][\/vc_row][vc_row css_animation=&#8221;&#8221; row_type=&#8221;row&#8221; use_row_as_full_screen_section=&#8221;no&#8221; type=&#8221;grid&#8221; angled_section=&#8221;no&#8221; text_align=&#8221;left&#8221; background_image_as_pattern=&#8221;without_pattern&#8221; z_index=&#8221;&#8221; el_class=&#8221;destacada&#8221;][vc_column css_animation=&#8221;fadeInLeft&#8221; width=&#8221;1\/2&#8243;][vc_single_image image=&#8221;171&#8243; img_size=&#8221;full&#8221; alignment=&#8221;center&#8221; qode_css_animation=&#8221;element_from_fade&#8221;][vc_row_inner row_type=&#8221;row&#8221; type=&#8221;full_width&#8221; text_align=&#8221;left&#8221; css_animation=&#8221;&#8221;][vc_column_inner offset=&#8221;vc_hidden-lg&#8221;][vc_separator type=&#8221;transparent&#8221; up=&#8221;30&#8243;][\/vc_column_inner][\/vc_row_inner][\/vc_column][vc_column css_animation=&#8221;fadeInRight&#8221; width=&#8221;1\/2&#8243;][vc_column_text]<\/p>\n<h3>La nostra Administraci\u00f3 de finques Gestcom, t\u00e9 l&#8217;avantatge de comptar amb un equip altament qualificat en els diferents \u00e0mbits de l&#8217;assessorament.<\/h3>\n<p>[\/vc_column_text][vc_separator type=&#8221;transparent&#8221; up=&#8221;20&#8243;][vc_column_text]Aix\u00f2 permet oferir una <strong>cobertura de 360 \u200b\u200bgraus<\/strong> en la qual s&#8217;inclou la gesti\u00f3 de l&#8217;patrimoni immobiliari, tant a nivell professional, com personal, amb l&#8217;objectiu d&#8217;optimitzar la tributaci\u00f3 i incrementar el valor patrimonial dels actius. Realitzant un acompanyament al llarg de tota la traject\u00f2ria econ\u00f2mica, de principi a fi, fent seguiment de les inversions, informant de l&#8217;evoluci\u00f3 i oferint les estrat\u00e8gies adequades.[\/vc_column_text][\/vc_column][\/vc_row][vc_row css_animation=&#8221;&#8221; row_type=&#8221;row&#8221; use_row_as_full_screen_section=&#8221;no&#8221; type=&#8221;grid&#8221; angled_section=&#8221;no&#8221; text_align=&#8221;left&#8221; background_image_as_pattern=&#8221;without_pattern&#8221; z_index=&#8221;&#8221;][vc_column css_animation=&#8221;fadeInUp&#8221;][vc_separator type=&#8221;transparent&#8221; up=&#8221;50&#8243;][vc_column_text]<\/p>\n<h4>Principals serveis en gesti\u00f3 patrimonial:<\/h4>\n<p>[\/vc_column_text][vc_separator type=&#8221;transparent&#8221; up=&#8221;10&#8243;][\/vc_column][\/vc_row][vc_row css_animation=&#8221;&#8221; row_type=&#8221;row&#8221; use_row_as_full_screen_section=&#8221;no&#8221; type=&#8221;grid&#8221; angled_section=&#8221;no&#8221; text_align=&#8221;left&#8221; background_image_as_pattern=&#8221;without_pattern&#8221; z_index=&#8221;&#8221;][vc_column css_animation=&#8221;fadeInLeft&#8221; width=&#8221;1\/2&#8243;]<div class='q_list circle animate_list'><\/p>\n<ul>\n<li>Gesti\u00f3n del patrimonio familiar y\/o empresarial.<\/li>\n<li>An\u00e1lisis de estados financieros y planificaci\u00f3n financiera.<\/li>\n<li>Viabilidad de nuevos proyectos.<\/li>\n<li>Fiscalidad de las inversiones.<\/li>\n<li>Asesoramiento en la sucesi\u00f3n del conjunto patrimonial.<\/li>\n<li>Planificaci\u00f3n estrat\u00e9gica y t\u00e1ctica de la gesti\u00f3n de la cartera financiera.<\/li>\n<\/ul>\n<p><\/div>[\/vc_column][vc_column css_animation=&#8221;fadeInRight&#8221; width=&#8221;1\/2&#8243;]<div class='q_list circle animate_list'><\/p>\n<ul>\n<li>Planificaci\u00f3n y organizaci\u00f3n del patrimonio inmobiliario.<\/li>\n<li>An\u00e1lisis de la rentabilidad y el riesgo del patrimonio.<\/li>\n<li>Asesoramiento en productos de inversi\u00f3n.<\/li>\n<li>Valoraci\u00f3n y tasaci\u00f3n<\/li>\n<li>Gesti\u00f3n de la Declaraci\u00f3n de la Renta y el Impuesto sobre el Patrimonio<\/li>\n<li>Gesti\u00f3n ante los diferentes Organismos P\u00fablicos.<\/li>\n<\/ul>\n<p><\/div>[\/vc_column][\/vc_row][vc_row css_animation=&#8221;&#8221; row_type=&#8221;row&#8221; use_row_as_full_screen_section=&#8221;no&#8221; type=&#8221;grid&#8221; angled_section=&#8221;no&#8221; text_align=&#8221;left&#8221; background_image_as_pattern=&#8221;without_pattern&#8221; css=&#8221;.vc_custom_1576159475062{margin-top: 40px !important;}&#8221; z_index=&#8221;&#8221;][vc_column css_animation=&#8221;bounceInUp&#8221;][vc_row_inner row_type=&#8221;row&#8221; type=&#8221;full_width&#8221; text_align=&#8221;center&#8221; css_animation=&#8221;&#8221; css=&#8221;.vc_custom_1576159538029{padding-top: 40px !important;padding-right: 40px !important;padding-bottom: 40px !important;padding-left: 40px !important;background-color: #000000 !important;}&#8221; el_class=&#8221;call-to-action&#8221;][vc_column_inner width=&#8221;2\/3&#8243;][vc_column_text]<\/p>\n<h2>Algun dubte?<\/h2>\n<h5>Pregunta des de la nostra secci\u00f3 de contacte<\/h5>\n<p>[\/vc_column_text][\/vc_column_inner][vc_column_inner width=&#8221;1\/3&#8243;]\n\n\t<a href=\"https:\/\/felsgestcom.com\/ca\/contacte\/\" target=\"_self\" style=\"color: #000000;background-color: #fbba44;font-size: 20px;font-weight: 600;text-transform: uppercase;margin: 20px 0px\" class=\"qode-btn qode-btn-medium qode-btn-solid qode-btn-custom-hover-bg qode-btn-custom-hover-color mas-info qode-btn-default-hover\" data-hover-bg-color=\"#ffffff\" data-hover-color=\"#fbba44\" >\n\t    <span class=\"qode-btn-text\">+ informacio<\/span>\t<\/a>\n\n[\/vc_column_inner][\/vc_row_inner][\/vc_column][\/vc_row]<\/p>\n<\/div>","protected":false},"excerpt":{"rendered":"<p>[vc_row css_animation=&#8221;&#8221; row_type=&#8221;row&#8221; use_row_as_full_screen_section=&#8221;no&#8221; type=&#8221;grid&#8221; angled_section=&#8221;no&#8221; text_align=&#8221;center&#8221; background_image_as_pattern=&#8221;without_pattern&#8221; full_width=&#8221;stretch_row&#8221; default_id=&#8221;themesflat_1524534705&#8243; z_index=&#8221;&#8221;][vc_column css_animation=&#8221;fadeInUp&#8221;][vc_separator type=&#8221;transparent&#8221; up=&#8221;50&#8243;][vc_column_text] Experts en la gesti\u00f3 d&#8217;actius immobiliaris al Baix Llobregat [\/vc_column_text][vc_separator type=&#8221;transparent&#8221; up=&#8221;50&#8243;][\/vc_column][\/vc_row][vc_row css_animation=&#8221;&#8221; row_type=&#8221;row&#8221; use_row_as_full_screen_section=&#8221;no&#8221; type=&#8221;grid&#8221; angled_section=&#8221;no&#8221; text_align=&#8221;left&#8221; background_image_as_pattern=&#8221;without_pattern&#8221; z_index=&#8221;&#8221; el_class=&#8221;destacada&#8221;][vc_column css_animation=&#8221;fadeInLeft&#8221; width=&#8221;1\/2&#8243;][vc_single_image image=&#8221;171&#8243; img_size=&#8221;full&#8221; alignment=&#8221;center&#8221; qode_css_animation=&#8221;element_from_fade&#8221;][vc_row_inner row_type=&#8221;row&#8221; type=&#8221;full_width&#8221; text_align=&#8221;left&#8221; css_animation=&#8221;&#8221;][vc_column_inner&#8230;<\/p>\n","protected":false},"author":1,"featured_media":0,"parent":0,"menu_order":0,"comment_status":"closed","ping_status":"closed","template":"full_width.php","meta":{"footnotes":""},"class_list":["post-208","page","type-page","status-publish","hentry"],"yoast_head":"<!-- This site is optimized with the Yoast SEO plugin v26.7 - https:\/\/yoast.com\/wordpress\/plugins\/seo\/ -->\n<title>Gesti\u00f3 Patrimonial - GestCom<\/title>\n<meta name=\"description\" content=\"La nostra Administraci\u00f3 de finques Gestcom, t\u00e9 l&#039;avantatge de comptar amb un equip altament qualificat en els diferents \u00e0mbits de l&#039;assessorament a la Gesti\u00f3 Patrimonial\" \/>\n<meta name=\"robots\" content=\"index, follow, max-snippet:-1, max-image-preview:large, max-video-preview:-1\" \/>\n<link rel=\"canonical\" href=\"https:\/\/felsgestcom.com\/ca\/gestio-patrimonial\/\" \/>\n<meta property=\"og:locale\" content=\"ca_ES\" \/>\n<meta property=\"og:type\" content=\"article\" \/>\n<meta property=\"og:title\" content=\"Gesti\u00f3 Patrimonial - GestCom\" \/>\n<meta property=\"og:description\" content=\"La nostra Administraci\u00f3 de finques Gestcom, t\u00e9 l&#039;avantatge de comptar amb un equip altament qualificat en els diferents \u00e0mbits de l&#039;assessorament a la Gesti\u00f3 Patrimonial\" \/>\n<meta property=\"og:url\" content=\"https:\/\/felsgestcom.com\/ca\/gestio-patrimonial\/\" \/>\n<meta property=\"og:site_name\" content=\"GestCom\" \/>\n<meta name=\"twitter:card\" content=\"summary_large_image\" \/>\n<meta name=\"twitter:label1\" content=\"Temps estimat de lectura\" \/>\n\t<meta name=\"twitter:data1\" content=\"3 minuts\" \/>\n<script type=\"application\/ld+json\" class=\"yoast-schema-graph\">{\"@context\":\"https:\/\/schema.org\",\"@graph\":[{\"@type\":\"WebPage\",\"@id\":\"https:\/\/felsgestcom.com\/ca\/gestio-patrimonial\/\",\"url\":\"https:\/\/felsgestcom.com\/ca\/gestio-patrimonial\/\",\"name\":\"Gesti\u00f3 Patrimonial - GestCom\",\"isPartOf\":{\"@id\":\"https:\/\/felsgestcom.com\/ca\/#website\"},\"datePublished\":\"2020-03-25T09:57:16+00:00\",\"description\":\"La nostra Administraci\u00f3 de finques Gestcom, t\u00e9 l'avantatge de comptar amb un equip altament qualificat en els diferents \u00e0mbits de l'assessorament a la Gesti\u00f3 Patrimonial\",\"breadcrumb\":{\"@id\":\"https:\/\/felsgestcom.com\/ca\/gestio-patrimonial\/#breadcrumb\"},\"inLanguage\":\"ca\",\"potentialAction\":[{\"@type\":\"ReadAction\",\"target\":[\"https:\/\/felsgestcom.com\/ca\/gestio-patrimonial\/\"]}]},{\"@type\":\"BreadcrumbList\",\"@id\":\"https:\/\/felsgestcom.com\/ca\/gestio-patrimonial\/#breadcrumb\",\"itemListElement\":[{\"@type\":\"ListItem\",\"position\":1,\"name\":\"Portada\",\"item\":\"https:\/\/felsgestcom.com\/ca\/\"},{\"@type\":\"ListItem\",\"position\":2,\"name\":\"Gesti\u00f3 Patrimonial\"}]},{\"@type\":\"WebSite\",\"@id\":\"https:\/\/felsgestcom.com\/ca\/#website\",\"url\":\"https:\/\/felsgestcom.com\/ca\/\",\"name\":\"GestCom\",\"description\":\"Administraci\u00f3n de fincas\",\"publisher\":{\"@id\":\"https:\/\/felsgestcom.com\/ca\/#organization\"},\"potentialAction\":[{\"@type\":\"SearchAction\",\"target\":{\"@type\":\"EntryPoint\",\"urlTemplate\":\"https:\/\/felsgestcom.com\/ca\/?s={search_term_string}\"},\"query-input\":{\"@type\":\"PropertyValueSpecification\",\"valueRequired\":true,\"valueName\":\"search_term_string\"}}],\"inLanguage\":\"ca\"},{\"@type\":\"Organization\",\"@id\":\"https:\/\/felsgestcom.com\/ca\/#organization\",\"name\":\"Gestcom, Administraci\u00f3n de fincas\",\"url\":\"https:\/\/felsgestcom.com\/ca\/\",\"logo\":{\"@type\":\"ImageObject\",\"inLanguage\":\"ca\",\"@id\":\"https:\/\/felsgestcom.com\/ca\/#\/schema\/logo\/image\/\",\"url\":\"https:\/\/felsgestcom.com\/wp-content\/uploads\/2019\/12\/logo-gestcom.png\",\"contentUrl\":\"https:\/\/felsgestcom.com\/wp-content\/uploads\/2019\/12\/logo-gestcom.png\",\"width\":392,\"height\":100,\"caption\":\"Gestcom, Administraci\u00f3n de fincas\"},\"image\":{\"@id\":\"https:\/\/felsgestcom.com\/ca\/#\/schema\/logo\/image\/\"}}]}<\/script>\n<!-- \/ Yoast SEO plugin. -->","yoast_head_json":{"title":"Gesti\u00f3 Patrimonial - GestCom","description":"La nostra Administraci\u00f3 de finques Gestcom, t\u00e9 l'avantatge de comptar amb un equip altament qualificat en els diferents \u00e0mbits de l'assessorament a la Gesti\u00f3 Patrimonial","robots":{"index":"index","follow":"follow","max-snippet":"max-snippet:-1","max-image-preview":"max-image-preview:large","max-video-preview":"max-video-preview:-1"},"canonical":"https:\/\/felsgestcom.com\/ca\/gestio-patrimonial\/","og_locale":"ca_ES","og_type":"article","og_title":"Gesti\u00f3 Patrimonial - GestCom","og_description":"La nostra Administraci\u00f3 de finques Gestcom, t\u00e9 l'avantatge de comptar amb un equip altament qualificat en els diferents \u00e0mbits de l'assessorament a la Gesti\u00f3 Patrimonial","og_url":"https:\/\/felsgestcom.com\/ca\/gestio-patrimonial\/","og_site_name":"GestCom","twitter_card":"summary_large_image","twitter_misc":{"Temps estimat de lectura":"3 minuts"},"schema":{"@context":"https:\/\/schema.org","@graph":[{"@type":"WebPage","@id":"https:\/\/felsgestcom.com\/ca\/gestio-patrimonial\/","url":"https:\/\/felsgestcom.com\/ca\/gestio-patrimonial\/","name":"Gesti\u00f3 Patrimonial - GestCom","isPartOf":{"@id":"https:\/\/felsgestcom.com\/ca\/#website"},"datePublished":"2020-03-25T09:57:16+00:00","description":"La nostra Administraci\u00f3 de finques Gestcom, t\u00e9 l'avantatge de comptar amb un equip altament qualificat en els diferents \u00e0mbits de l'assessorament a la Gesti\u00f3 Patrimonial","breadcrumb":{"@id":"https:\/\/felsgestcom.com\/ca\/gestio-patrimonial\/#breadcrumb"},"inLanguage":"ca","potentialAction":[{"@type":"ReadAction","target":["https:\/\/felsgestcom.com\/ca\/gestio-patrimonial\/"]}]},{"@type":"BreadcrumbList","@id":"https:\/\/felsgestcom.com\/ca\/gestio-patrimonial\/#breadcrumb","itemListElement":[{"@type":"ListItem","position":1,"name":"Portada","item":"https:\/\/felsgestcom.com\/ca\/"},{"@type":"ListItem","position":2,"name":"Gesti\u00f3 Patrimonial"}]},{"@type":"WebSite","@id":"https:\/\/felsgestcom.com\/ca\/#website","url":"https:\/\/felsgestcom.com\/ca\/","name":"GestCom","description":"Administraci\u00f3n de fincas","publisher":{"@id":"https:\/\/felsgestcom.com\/ca\/#organization"},"potentialAction":[{"@type":"SearchAction","target":{"@type":"EntryPoint","urlTemplate":"https:\/\/felsgestcom.com\/ca\/?s={search_term_string}"},"query-input":{"@type":"PropertyValueSpecification","valueRequired":true,"valueName":"search_term_string"}}],"inLanguage":"ca"},{"@type":"Organization","@id":"https:\/\/felsgestcom.com\/ca\/#organization","name":"Gestcom, Administraci\u00f3n de fincas","url":"https:\/\/felsgestcom.com\/ca\/","logo":{"@type":"ImageObject","inLanguage":"ca","@id":"https:\/\/felsgestcom.com\/ca\/#\/schema\/logo\/image\/","url":"https:\/\/felsgestcom.com\/wp-content\/uploads\/2019\/12\/logo-gestcom.png","contentUrl":"https:\/\/felsgestcom.com\/wp-content\/uploads\/2019\/12\/logo-gestcom.png","width":392,"height":100,"caption":"Gestcom, Administraci\u00f3n de fincas"},"image":{"@id":"https:\/\/felsgestcom.com\/ca\/#\/schema\/logo\/image\/"}}]}},"_links":{"self":[{"href":"https:\/\/felsgestcom.com\/ca\/wp-json\/wp\/v2\/pages\/208","targetHints":{"allow":["GET"]}}],"collection":[{"href":"https:\/\/felsgestcom.com\/ca\/wp-json\/wp\/v2\/pages"}],"about":[{"href":"https:\/\/felsgestcom.com\/ca\/wp-json\/wp\/v2\/types\/page"}],"author":[{"embeddable":true,"href":"https:\/\/felsgestcom.com\/ca\/wp-json\/wp\/v2\/users\/1"}],"replies":[{"embeddable":true,"href":"https:\/\/felsgestcom.com\/ca\/wp-json\/wp\/v2\/comments?post=208"}],"version-history":[{"count":2,"href":"https:\/\/felsgestcom.com\/ca\/wp-json\/wp\/v2\/pages\/208\/revisions"}],"predecessor-version":[{"id":210,"href":"https:\/\/felsgestcom.com\/ca\/wp-json\/wp\/v2\/pages\/208\/revisions\/210"}],"wp:attachment":[{"href":"https:\/\/felsgestcom.com\/ca\/wp-json\/wp\/v2\/media?parent=208"}],"curies":[{"name":"wp","href":"https:\/\/api.w.org\/{rel}","templated":true}]}}