{"id":198,"date":"2020-03-25T10:32:44","date_gmt":"2020-03-25T09:32:44","guid":{"rendered":"https:\/\/felsgestcom.com\/qui-som\/"},"modified":"2020-03-25T10:32:44","modified_gmt":"2020-03-25T09:32:44","slug":"qui-som","status":"publish","type":"page","link":"https:\/\/felsgestcom.com\/ca\/qui-som\/","title":{"rendered":"Qui som"},"content":{"rendered":"<div class=\"wpb-content-wrapper\"><p>[vc_row css_animation=&#8221;&#8221; row_type=&#8221;row&#8221; use_row_as_full_screen_section=&#8221;no&#8221; type=&#8221;grid&#8221; angled_section=&#8221;no&#8221; text_align=&#8221;center&#8221; background_image_as_pattern=&#8221;without_pattern&#8221; full_width=&#8221;stretch_row&#8221; default_id=&#8221;themesflat_1524534705&#8243; z_index=&#8221;&#8221;][vc_column css_animation=&#8221;fadeInUp&#8221;][vc_separator type=&#8221;transparent&#8221; up=&#8221;50&#8243;][vc_column_text]<\/p>\n<h2 style=\"text-align: center;\">Gestcom, gestoria especialitzada en l&#8217;administraci\u00f3 de finques i serveis immobiliaris a Castelldefels (Barcelona).<\/h2>\n<p>[\/vc_column_text][vc_separator type=&#8221;transparent&#8221; up=&#8221;20&#8243;][vc_column_text]<\/p>\n<h3>Fundada l&#8217;any 2008, compta amb una \u00e0mplia experi\u00e8ncia tant en la gesti\u00f3 de la propietat horitzontal com vertical, englobant serveis d&#8217;assessorament immobiliari, gesti\u00f3 de comunitats de ve\u00efns, gesti\u00f3 de lloguers i assessorament immobiliari.<\/h3>\n<p>[\/vc_column_text][vc_separator type=&#8221;transparent&#8221; up=&#8221;50&#8243;][\/vc_column][\/vc_row][vc_row css_animation=&#8221;&#8221; row_type=&#8221;row&#8221; use_row_as_full_screen_section=&#8221;no&#8221; type=&#8221;grid&#8221; angled_section=&#8221;no&#8221; text_align=&#8221;left&#8221; background_image_as_pattern=&#8221;without_pattern&#8221; z_index=&#8221;&#8221; el_class=&#8221;destacada&#8221; css=&#8221;.vc_custom_1583761094478{margin-bottom: 30px !important;}&#8221;][vc_column css_animation=&#8221;fadeInLeft&#8221; width=&#8221;1\/2&#8243;][vc_single_image image=&#8221;167&#8243; img_size=&#8221;full&#8221; alignment=&#8221;center&#8221; qode_css_animation=&#8221;element_from_fade&#8221;][vc_row_inner row_type=&#8221;row&#8221; type=&#8221;full_width&#8221; text_align=&#8221;left&#8221; css_animation=&#8221;&#8221;][vc_column_inner offset=&#8221;vc_hidden-lg&#8221;][vc_separator type=&#8221;transparent&#8221; up=&#8221;30&#8243;][\/vc_column_inner][\/vc_row_inner][\/vc_column][vc_column css_animation=&#8221;fadeInRight&#8221; width=&#8221;1\/2&#8243;][vc_column_text]Amb un equip de professionals especialitzats en totes i cadascuna de les diferents \u00e0rees relacionades amb l&#8217;administraci\u00f3 de finques, gestionant tot el proc\u00e9s, de principi a fi.<\/p>\n<p>Des de qualsevol tasca administrativa, passant per la resoluci\u00f3 d&#8217;incid\u00e8ncies, soluci\u00f3 de conflictes, morositat i altres temes legals que puguin afectar a la comunitat i als seus ve\u00efns en el seu dia a dia.<\/p>\n<p>Amb el valor afegit de ser <strong>una gestoria formada per un grup d&#8217;experts<\/strong> en mat\u00e8ria fiscal, comptable i laboral, per oferir suport a qualsevol necessitat que pugui sorgir a la comunitat, en aquest \u00e0mbit.[\/vc_column_text][\/vc_column][\/vc_row][vc_row css_animation=&#8221;&#8221; row_type=&#8221;row&#8221; use_row_as_full_screen_section=&#8221;no&#8221; type=&#8221;grid&#8221; angled_section=&#8221;no&#8221; text_align=&#8221;left&#8221; background_image_as_pattern=&#8221;without_pattern&#8221; z_index=&#8221;&#8221; el_class=&#8221;destacada&#8221;][vc_column css_animation=&#8221;fadeInLeft&#8221; width=&#8221;1\/2&#8243;][vc_column_text]<strong>La filosofia de Gestcom es basa en la rapidesa i la transpar\u00e8ncia<\/strong>, perqu\u00e8 el client pugui disposar de tota la informaci\u00f3 actualitzada sobre la seva comunitat de manera clara i entenedora.<\/p>\n<p>I amb el servei de plataforma en l\u00ednia, s&#8217;aconsegueix fer la vida m\u00e9s f\u00e0cil als clients. L&#8217;automatitzaci\u00f3 de processos digitals ajuda a l&#8217;estalvi de temps i d&#8217;esfor\u00e7os, el que es tradueix en una optimitzaci\u00f3 de les funcions a desenvolupar.<\/p>\n<p>Un ampli ventall de serveis, perqu\u00e8 les comunitats de ve\u00efns centralitzin tot en un \u00fanic interlocutor, garantint aix\u00ed l&#8217;efic\u00e0cia i la qualitat de la gesti\u00f3.[\/vc_column_text][\/vc_column][vc_column css_animation=&#8221;fadeInRight&#8221; width=&#8221;1\/2&#8243;][vc_row_inner row_type=&#8221;row&#8221; type=&#8221;full_width&#8221; text_align=&#8221;left&#8221; css_animation=&#8221;&#8221;][vc_column_inner offset=&#8221;vc_hidden-lg&#8221;][vc_separator type=&#8221;transparent&#8221; up=&#8221;30&#8243;][\/vc_column_inner][\/vc_row_inner][vc_single_image image=&#8221;166&#8243; img_size=&#8221;full&#8221; alignment=&#8221;center&#8221; qode_css_animation=&#8221;element_from_fade&#8221;][\/vc_column][\/vc_row][vc_row css_animation=&#8221;&#8221; row_type=&#8221;row&#8221; use_row_as_full_screen_section=&#8221;no&#8221; type=&#8221;grid&#8221; angled_section=&#8221;no&#8221; text_align=&#8221;left&#8221; background_image_as_pattern=&#8221;without_pattern&#8221; z_index=&#8221;&#8221; el_class=&#8221;destacada&#8221;][vc_column css_animation=&#8221;fadeInRight&#8221; css=&#8221;.vc_custom_1583761158260{margin-top: 40px !important;}&#8221;][vc_separator type=&#8221;transparent&#8221; up=&#8221;20&#8243;][vc_column_text]<\/p>\n<h3 style=\"text-align: center;\">Administraci\u00f3 de finques Gestcom est\u00e0 ubicada a Castelldefels, per\u00f2 ofereix serveis a tot el Baix Llobregat i compta amb clients distribu\u00efts per tota la prov\u00edncia de Barcelona.<\/h3>\n<p>[\/vc_column_text][vc_separator type=&#8221;transparent&#8221; up=&#8221;20&#8243;][\/vc_column][\/vc_row][vc_row css_animation=&#8221;&#8221; row_type=&#8221;row&#8221; use_row_as_full_screen_section=&#8221;no&#8221; type=&#8221;grid&#8221; angled_section=&#8221;no&#8221; text_align=&#8221;left&#8221; background_image_as_pattern=&#8221;without_pattern&#8221; css=&#8221;.vc_custom_1576159475062{margin-top: 40px !important;}&#8221; z_index=&#8221;&#8221;][vc_column css_animation=&#8221;bounceInUp&#8221;][vc_row_inner row_type=&#8221;row&#8221; type=&#8221;full_width&#8221; text_align=&#8221;center&#8221; css_animation=&#8221;&#8221; css=&#8221;.vc_custom_1576159538029{padding-top: 40px !important;padding-right: 40px !important;padding-bottom: 40px !important;padding-left: 40px !important;background-color: #000000 !important;}&#8221; el_class=&#8221;call-to-action&#8221;][vc_column_inner width=&#8221;2\/3&#8243;][vc_column_text]<\/p>\n<h2>Algun dubte?<\/h2>\n<h5>Pregunta des de la nostra secci\u00f3 de contacte<\/h5>\n<p>[\/vc_column_text][\/vc_column_inner][vc_column_inner width=&#8221;1\/3&#8243;]\n\n\t<a href=\"https:\/\/felsgestcom.com\/ca\/contacte\/\" target=\"_self\" style=\"color: #000000;background-color: #fbba44;font-size: 20px;font-weight: 600;text-transform: uppercase;margin: 20px 0px\" class=\"qode-btn qode-btn-medium qode-btn-solid qode-btn-custom-hover-bg qode-btn-custom-hover-color mas-info qode-btn-default-hover\" data-hover-bg-color=\"#ffffff\" data-hover-color=\"#fbba44\" >\n\t    <span class=\"qode-btn-text\">+ informacio<\/span>\t<\/a>\n\n[\/vc_column_inner][\/vc_row_inner][\/vc_column][\/vc_row]<\/p>\n<\/div>","protected":false},"excerpt":{"rendered":"<p>[vc_row css_animation=&#8221;&#8221; row_type=&#8221;row&#8221; use_row_as_full_screen_section=&#8221;no&#8221; type=&#8221;grid&#8221; angled_section=&#8221;no&#8221; text_align=&#8221;center&#8221; background_image_as_pattern=&#8221;without_pattern&#8221; full_width=&#8221;stretch_row&#8221; default_id=&#8221;themesflat_1524534705&#8243; z_index=&#8221;&#8221;][vc_column css_animation=&#8221;fadeInUp&#8221;][vc_separator type=&#8221;transparent&#8221; up=&#8221;50&#8243;][vc_column_text] Gestcom, gestoria especialitzada en l&#8217;administraci\u00f3 de finques i serveis immobiliaris a Castelldefels (Barcelona). [\/vc_column_text][vc_separator type=&#8221;transparent&#8221; up=&#8221;20&#8243;][vc_column_text] Fundada l&#8217;any 2008, compta amb una \u00e0mplia experi\u00e8ncia tant en la gesti\u00f3 de la propietat&#8230;<\/p>\n","protected":false},"author":1,"featured_media":0,"parent":0,"menu_order":0,"comment_status":"closed","ping_status":"closed","template":"full_width.php","meta":{"footnotes":""},"class_list":["post-198","page","type-page","status-publish","hentry"],"yoast_head":"<!-- This site is optimized with the Yoast SEO plugin v26.7 - https:\/\/yoast.com\/wordpress\/plugins\/seo\/ -->\n<title>Qui som - GestCom<\/title>\n<meta name=\"description\" content=\"Gestcom, gestoria especialitzada en l&#039;administraci\u00f3 de finques i serveis immobiliaris a Castelldefels (Barcelona).\" \/>\n<meta name=\"robots\" content=\"index, follow, max-snippet:-1, max-image-preview:large, max-video-preview:-1\" \/>\n<link rel=\"canonical\" href=\"https:\/\/felsgestcom.com\/ca\/qui-som\/\" \/>\n<meta property=\"og:locale\" content=\"ca_ES\" \/>\n<meta property=\"og:type\" content=\"article\" \/>\n<meta property=\"og:title\" content=\"Qui som - GestCom\" \/>\n<meta property=\"og:description\" content=\"Gestcom, gestoria especialitzada en l&#039;administraci\u00f3 de finques i serveis immobiliaris a Castelldefels (Barcelona).\" \/>\n<meta property=\"og:url\" content=\"https:\/\/felsgestcom.com\/ca\/qui-som\/\" \/>\n<meta property=\"og:site_name\" content=\"GestCom\" \/>\n<meta name=\"twitter:card\" content=\"summary_large_image\" \/>\n<meta name=\"twitter:label1\" content=\"Temps estimat de lectura\" \/>\n\t<meta name=\"twitter:data1\" content=\"4 minuts\" \/>\n<script type=\"application\/ld+json\" class=\"yoast-schema-graph\">{\"@context\":\"https:\/\/schema.org\",\"@graph\":[{\"@type\":\"WebPage\",\"@id\":\"https:\/\/felsgestcom.com\/ca\/qui-som\/\",\"url\":\"https:\/\/felsgestcom.com\/ca\/qui-som\/\",\"name\":\"Qui som - GestCom\",\"isPartOf\":{\"@id\":\"https:\/\/felsgestcom.com\/ca\/#website\"},\"datePublished\":\"2020-03-25T09:32:44+00:00\",\"description\":\"Gestcom, gestoria especialitzada en l'administraci\u00f3 de finques i serveis immobiliaris a Castelldefels (Barcelona).\",\"breadcrumb\":{\"@id\":\"https:\/\/felsgestcom.com\/ca\/qui-som\/#breadcrumb\"},\"inLanguage\":\"ca\",\"potentialAction\":[{\"@type\":\"ReadAction\",\"target\":[\"https:\/\/felsgestcom.com\/ca\/qui-som\/\"]}]},{\"@type\":\"BreadcrumbList\",\"@id\":\"https:\/\/felsgestcom.com\/ca\/qui-som\/#breadcrumb\",\"itemListElement\":[{\"@type\":\"ListItem\",\"position\":1,\"name\":\"Portada\",\"item\":\"https:\/\/felsgestcom.com\/ca\/\"},{\"@type\":\"ListItem\",\"position\":2,\"name\":\"Qui som\"}]},{\"@type\":\"WebSite\",\"@id\":\"https:\/\/felsgestcom.com\/ca\/#website\",\"url\":\"https:\/\/felsgestcom.com\/ca\/\",\"name\":\"GestCom\",\"description\":\"Administraci\u00f3n de fincas\",\"publisher\":{\"@id\":\"https:\/\/felsgestcom.com\/ca\/#organization\"},\"potentialAction\":[{\"@type\":\"SearchAction\",\"target\":{\"@type\":\"EntryPoint\",\"urlTemplate\":\"https:\/\/felsgestcom.com\/ca\/?s={search_term_string}\"},\"query-input\":{\"@type\":\"PropertyValueSpecification\",\"valueRequired\":true,\"valueName\":\"search_term_string\"}}],\"inLanguage\":\"ca\"},{\"@type\":\"Organization\",\"@id\":\"https:\/\/felsgestcom.com\/ca\/#organization\",\"name\":\"Gestcom, Administraci\u00f3n de fincas\",\"url\":\"https:\/\/felsgestcom.com\/ca\/\",\"logo\":{\"@type\":\"ImageObject\",\"inLanguage\":\"ca\",\"@id\":\"https:\/\/felsgestcom.com\/ca\/#\/schema\/logo\/image\/\",\"url\":\"https:\/\/felsgestcom.com\/wp-content\/uploads\/2019\/12\/logo-gestcom.png\",\"contentUrl\":\"https:\/\/felsgestcom.com\/wp-content\/uploads\/2019\/12\/logo-gestcom.png\",\"width\":392,\"height\":100,\"caption\":\"Gestcom, Administraci\u00f3n de fincas\"},\"image\":{\"@id\":\"https:\/\/felsgestcom.com\/ca\/#\/schema\/logo\/image\/\"}}]}<\/script>\n<!-- \/ Yoast SEO plugin. -->","yoast_head_json":{"title":"Qui som - GestCom","description":"Gestcom, gestoria especialitzada en l'administraci\u00f3 de finques i serveis immobiliaris a Castelldefels (Barcelona).","robots":{"index":"index","follow":"follow","max-snippet":"max-snippet:-1","max-image-preview":"max-image-preview:large","max-video-preview":"max-video-preview:-1"},"canonical":"https:\/\/felsgestcom.com\/ca\/qui-som\/","og_locale":"ca_ES","og_type":"article","og_title":"Qui som - GestCom","og_description":"Gestcom, gestoria especialitzada en l'administraci\u00f3 de finques i serveis immobiliaris a Castelldefels (Barcelona).","og_url":"https:\/\/felsgestcom.com\/ca\/qui-som\/","og_site_name":"GestCom","twitter_card":"summary_large_image","twitter_misc":{"Temps estimat de lectura":"4 minuts"},"schema":{"@context":"https:\/\/schema.org","@graph":[{"@type":"WebPage","@id":"https:\/\/felsgestcom.com\/ca\/qui-som\/","url":"https:\/\/felsgestcom.com\/ca\/qui-som\/","name":"Qui som - GestCom","isPartOf":{"@id":"https:\/\/felsgestcom.com\/ca\/#website"},"datePublished":"2020-03-25T09:32:44+00:00","description":"Gestcom, gestoria especialitzada en l'administraci\u00f3 de finques i serveis immobiliaris a Castelldefels (Barcelona).","breadcrumb":{"@id":"https:\/\/felsgestcom.com\/ca\/qui-som\/#breadcrumb"},"inLanguage":"ca","potentialAction":[{"@type":"ReadAction","target":["https:\/\/felsgestcom.com\/ca\/qui-som\/"]}]},{"@type":"BreadcrumbList","@id":"https:\/\/felsgestcom.com\/ca\/qui-som\/#breadcrumb","itemListElement":[{"@type":"ListItem","position":1,"name":"Portada","item":"https:\/\/felsgestcom.com\/ca\/"},{"@type":"ListItem","position":2,"name":"Qui som"}]},{"@type":"WebSite","@id":"https:\/\/felsgestcom.com\/ca\/#website","url":"https:\/\/felsgestcom.com\/ca\/","name":"GestCom","description":"Administraci\u00f3n de fincas","publisher":{"@id":"https:\/\/felsgestcom.com\/ca\/#organization"},"potentialAction":[{"@type":"SearchAction","target":{"@type":"EntryPoint","urlTemplate":"https:\/\/felsgestcom.com\/ca\/?s={search_term_string}"},"query-input":{"@type":"PropertyValueSpecification","valueRequired":true,"valueName":"search_term_string"}}],"inLanguage":"ca"},{"@type":"Organization","@id":"https:\/\/felsgestcom.com\/ca\/#organization","name":"Gestcom, Administraci\u00f3n de fincas","url":"https:\/\/felsgestcom.com\/ca\/","logo":{"@type":"ImageObject","inLanguage":"ca","@id":"https:\/\/felsgestcom.com\/ca\/#\/schema\/logo\/image\/","url":"https:\/\/felsgestcom.com\/wp-content\/uploads\/2019\/12\/logo-gestcom.png","contentUrl":"https:\/\/felsgestcom.com\/wp-content\/uploads\/2019\/12\/logo-gestcom.png","width":392,"height":100,"caption":"Gestcom, Administraci\u00f3n de fincas"},"image":{"@id":"https:\/\/felsgestcom.com\/ca\/#\/schema\/logo\/image\/"}}]}},"_links":{"self":[{"href":"https:\/\/felsgestcom.com\/ca\/wp-json\/wp\/v2\/pages\/198","targetHints":{"allow":["GET"]}}],"collection":[{"href":"https:\/\/felsgestcom.com\/ca\/wp-json\/wp\/v2\/pages"}],"about":[{"href":"https:\/\/felsgestcom.com\/ca\/wp-json\/wp\/v2\/types\/page"}],"author":[{"embeddable":true,"href":"https:\/\/felsgestcom.com\/ca\/wp-json\/wp\/v2\/users\/1"}],"replies":[{"embeddable":true,"href":"https:\/\/felsgestcom.com\/ca\/wp-json\/wp\/v2\/comments?post=198"}],"version-history":[{"count":2,"href":"https:\/\/felsgestcom.com\/ca\/wp-json\/wp\/v2\/pages\/198\/revisions"}],"predecessor-version":[{"id":200,"href":"https:\/\/felsgestcom.com\/ca\/wp-json\/wp\/v2\/pages\/198\/revisions\/200"}],"wp:attachment":[{"href":"https:\/\/felsgestcom.com\/ca\/wp-json\/wp\/v2\/media?parent=198"}],"curies":[{"name":"wp","href":"https:\/\/api.w.org\/{rel}","templated":true}]}}