{"id":196,"date":"2020-03-25T10:29:08","date_gmt":"2020-03-25T09:29:08","guid":{"rendered":"https:\/\/felsgestcom.com\/avis-legal\/"},"modified":"2024-06-20T12:15:00","modified_gmt":"2024-06-20T11:15:00","slug":"avis-legal","status":"publish","type":"page","link":"https:\/\/felsgestcom.com\/ca\/avis-legal\/","title":{"rendered":"Av\u00eds Legal"},"content":{"rendered":"<div class=\"wpb-content-wrapper\"><p>[vc_row css_animation=&#8221;&#8221; row_type=&#8221;row&#8221; use_row_as_full_screen_section=&#8221;no&#8221; type=&#8221;full_width&#8221; angled_section=&#8221;no&#8221; text_align=&#8221;left&#8221; background_image_as_pattern=&#8221;without_pattern&#8221;][vc_column el_class=&#8221;textos-legales&#8221;][vc_column_text css=&#8221;&#8221; el_class=&#8221;legal&#8221;]<\/p>\n<h2><strong>DADES IDENTIFICATIVES<\/strong><\/h2>\n<p>Vost\u00e8 est\u00e0 visitant la p\u00e0gina web\u00a0<strong>www.felsgestcom.com<\/strong>\u00a0titularitat de\u00a0<strong>Administraci\u00f3 de finques Gestcom, S.L.U\u00a0<\/strong>amb domicili social en\u00a0<strong>C\/ RAMON OTERO PEDRAYO N\u00ba 22 (08860 CASTELLDEFELS) BARCELONA\u00a0<\/strong>amb CIF\u00a0<strong>N.I.F. B647983253 \u00a0<\/strong>inscrita en el Registre Mercantil de Barcelona en el tom\u00a040297 foli 111 fulla b303432 inscripci\u00f3 1, d\u2019ara endavant EL TITULAR.<\/p>\n<p>Pot contactar amb el TITULAR per qualsevol dels seg\u00fcents mitjans:<br \/>\nTel\u00e8fon: 93 664 13 79<br \/>\nCorreu electr\u00f2nic de contacte: <a href=\"mailto:comunitats@felsgestcom.com\" target=\"_blank\" rel=\"noopener\">comunitats@felsgestcom.com<\/a><br \/>\nHostalatge web: ITKnow.es<\/p>\n<h2><strong>USUARIS<\/strong><\/h2>\n<p>Les presents condicions (d\u2019ara endavant Av\u00eds Legal) t\u00e9 per finalitat regular l\u2019\u00fas de la p\u00e0gina web del TITULAR que posa a la disposici\u00f3 del p\u00fablic.<br \/>\nL\u2019acc\u00e9s i\/o \u00fas d\u2019aquesta p\u00e0gina web atribueix la condici\u00f3 d\u2019Usuari, que accepta, des d\u2019aquest acc\u00e9s i\/o \u00fas, les condicions generals d\u2019\u00fas ac\u00ed reflectides. Les citades condicions seran aplicable independentment de les condicions generals de contractaci\u00f3 que si escau resulten d\u2019obligat compliment.<\/p>\n<h2><strong>\u00daS DEL PORTAL<\/strong><\/h2>\n<p><strong>www.felsgestcom.com\u00a0<\/strong>proporciona l\u2019acc\u00e9s a multitud d\u2019informacions, serveis, programes o dades (d\u2019ara endavant, \u201cels continguts\u201d) en Internet pertanyents al TITULAR o als seus llicencia dors als quals l\u2019Usuari pot tenir acc\u00e9s.<br \/>\nL\u2019usuari assumeix la responsabilitat de l\u2019\u00fas del portal. Aquesta responsabilitat s\u2019est\u00e9n al registre que an\u00e9s necessari per accedir a determinats serveis o continguts. En aquest registre l\u2019Usuari ser\u00e0 responsable d\u2019aportar informaci\u00f3 vera\u00e7 i l\u00edcita. Com a conseq\u00fc\u00e8ncia d\u2019aquest registre, a l\u2019Usuari se li pot proporcionar una contrasenya de la qual ser\u00e0 responsable, comprometent-se a fer un \u00fas diligent i confidencial de la mateixa.<\/p>\n<p>L\u2019USUARI es compromet a fer un \u00fas adequat dels continguts i serveis (p.i. serveis de xat, f\u00f2rums de discussi\u00f3 o grups de not\u00edcies) que EL TITULAR ofereix a trav\u00e9s del seu portal i amb car\u00e0cter enunciatiu per\u00f2 no l\u2019imitatiu, a no emprar-los para:<\/p>\n<ul>\n<li>Inc\u00f3rrer en activitats il\u00b7l\u00edcites, il\u00b7legals o contr\u00e0ries a la bona fe i a l\u2019ordre p\u00fablic.<\/li>\n<li>Difondre continguts o propaganda racista, xen\u00f2foba, pornogr\u00e0fic-il\u00b7legal, d\u2019apologia del terrorisme o atemptat\u00f2ria contra els drets humans.<\/li>\n<li>Provocar danys en els sistemes f\u00edsics i l\u00f2gics de [Nom de l\u2019empresa], dels seus prove\u00efdors o de terceres persones, introduir o difondre en l xarxa virus inform\u00e0tics o qualssevol altres sistemes f\u00edsics o l\u00f2gics que siguin susceptibles de provocar els danys anteriorment esmentats.<\/li>\n<li>Intentar accedir i, si escau, utilitzar els comptes de correu electr\u00f2nic d\u2019altres usuaris i modificar o manipular els seus missatges.<\/li>\n<li>Utilitzar el lloc web ni les informacions que en ell es contenen amb finalitats comercials, pol\u00edtics, publicitaris i per a qualsevol \u00fas comercial, sobretot en l\u2019enviament de correus electr\u00f2nics no sol\u00b7licitats.<\/li>\n<\/ul>\n<p>EL TITULAR es reserva el dret a retirar tots aquells comentaris i aportacions que vulneren el respecte a la dignitat de la persona, que siguin discriminatoris, xen\u00f2fobs, racistes pornogr\u00e0fics, que atempten contra la joventut o la inf\u00e0ncia, l\u2019ordre o la seguretat p\u00fablica o que, al seu judici, no resultaran adequats per a la seua publicaci\u00f3. En qualsevol cas, EL TITULAR no ser\u00e0 responsable de les opinions abocades pels usuaris a trav\u00e9s dels f\u00f2rums, xats, o altres eines de participaci\u00f3.<\/p>\n<h2><strong>PROTECCI\u00d3 DE DADES<\/strong><\/h2>\n<p>4. Tot el relatiu a la pol\u00edtica de protecci\u00f3 de dades es troba recollit en el document de pol\u00edtica de privadesa.<\/p>\n<h2><strong>CONTINGUTS. PROPIETAT INTEL\u00b7LECTUAL I INDUSTRIAL<\/strong><\/h2>\n<p>5. EL TITULAR \u00e9s propietari de tots els drets de propietat intel\u00b7lectual i industrial de la seua p\u00e0gina web, aix\u00ed com dels elements continguts en la mateixa (a t\u00edtol enunciatiu: imatges, fotografies, so, \u00e0udio, v\u00eddeo, programari o textos; marques o logotips, combinacions de colors, estructura i disseny, selecci\u00f3 de materials usats, programes d\u2019ordinador necessaris per al seu funcionament, acc\u00e9s i \u00fas, etc), titularitat del TITULAR o b\u00e9 dels seus llicencia dors.<br \/>\nTots els drets reservats. En virtut del que es disposa en els articles 8 i 32.1, par\u00e0graf segon, de la Llei de Propietat Intel\u00b7lectual, queden expressament prohibides la reproducci\u00f3, la distribuci\u00f3 i la comunicaci\u00f3 p\u00fablica, inclosa la seua modalitat de posada a disposici\u00f3, de la totalitat o part dels continguts d\u2019aquesta p\u00e0gina web, amb finalitats comercials, en qualsevol suport i per qualsevol mitj\u00e0 t\u00e8cnic, sense l\u2019autoritzaci\u00f3 del TITULAR.<\/p>\n<h2><strong>EXCLUSI\u00d3 DE GARANTIES I RESPONSABILITAT<\/strong><\/h2>\n<p>6. L\u2019USUARI reconeix que la utilitzaci\u00f3 de la p\u00e0gina web i dels seus continguts i serveis es desenvolupa sota la seua exclusiva responsabilitat. En concret, a t\u00edtol merament enunciatiu, EL TITULAR no assumeix cap responsabilitat en els seg\u00fcents \u00e0mbits:<br \/>\na) La disponibilitat del funcionament de la p\u00e0gina web, els seus serveis i continguts i la seua qualitat o interoperabilitat.<br \/>\nb) La finalitat per a la qual la p\u00e0gina web servisca als objectius de l\u2019Usuari.<br \/>\nc) La infracci\u00f3 de la legislaci\u00f3 vigent per part de l\u2019Usuari o tercers i, en concret, dels drets de propietat intel\u00b7lectual i industrial que siguin titularitat d\u2019altres persones o entitats.<br \/>\nd) L\u2019exist\u00e8ncia de codis maliciosos o qualsevol altre element inform\u00e0tic nociu que poguera causar el sistema inform\u00e0tic de l\u2019Usuari o de tercers. Correspon a l\u2019Usuari, en tot cas, disposar d\u2019eines adequades per a la detecci\u00f3 i desinfecci\u00f3 d\u2019aquests elements.<br \/>\ni) L\u2019acc\u00e9s fraudulent als continguts o serveis per terceros no autoritzats, o, si escau, la captura, eliminaci\u00f3, alteraci\u00f3, modificaci\u00f3 o manipulaci\u00f3 dels missatges i comunicacions de qualsevol classe que dites terceres poguera realitzar.<br \/>\nf) L\u2019exactitud, veracitat, actualitat i utilitat dels continguts i serveis oferts i la utilitzaci\u00f3 posterior que d\u2019ells faci l\u2019Usuari. EL TITULAR emprar\u00e0 tots els esfor\u00e7os i mitjans raonables per a facilitar la informaci\u00f3 actualitzada i fefaent.<br \/>\ng) Els danys produ\u00efts a equips inform\u00e0tics durant l\u2019acc\u00e9s a la p\u00e0gina web i els danys produ\u00efts als USUARIS quan tinguin el seu origen en fallades o desconnexions en les xarxes de telecomunicacions que interrompen el servei.<br \/>\nh) Els danys o perjudicis que es deriven de circumst\u00e0ncies esdevingudes per cas fortu\u00eft o for\u00e7a major. en cas que existeixin f\u00f2rums, l\u2019\u00fas dels mateixos o altres espais an\u00e0legs, ha de tenir-se en compte que els missatges reflecteixin \u00fanicament l\u2019opini\u00f3 de l\u2019Usuari que els remitent, que \u00e9s l\u2019\u00fanic responsable. EL TITULAR no es fa responsable del contingut dels missatges enviats per l\u2019Usuari.<\/p>\n<h2><strong>MODIFICACI\u00d3 D\u2019AQUEST AV\u00cdS LEGAL I DURADA<\/strong><\/h2>\n<p>7. EL TITULAR es reserva el dret d\u2019efectuar sense previ av\u00eds les modificacions que considera oportunes en el seu portal, podent canviar, suprimir o afegir tants continguts i serveis que es prestin a trav\u00e9s de la mateixa, com la forma en la qual aquests apareguin representats o localitzats al seu portal.<\/p>\n<p>La vig\u00e8ncia de les citades condicions anir\u00e0 en funci\u00f3 de la seua exposici\u00f3 i estaran vigents fins que siguin modificades per unes altres degudament publicades.<\/p>\n<h2><strong>ENLLA\u00c7OS<\/strong><\/h2>\n<p>8. En el cas que en\u00a0<strong>www.felsgestcom.com<\/strong>\u00a0 s\u2019incloguessin enlla\u00e7os o hiperv\u00ednculos cap a altres llocs d\u2019Internet, EL TITULAR no exercir\u00e0 cap tipus de control sobre aquests llocs i continguts. En cap cas EL TITULAR assumir\u00e0 responsabilitat alguna pels continguts d\u2019algun enlla\u00e7 pertanyent a un lloc web ali\u00e8, ni garantir\u00e0 la disponibilitat t\u00e8cnica, qualitat, fiabilitat, exactitud, amplitud, veracitat, validesa i constitucionalitat de qualsevol mat\u00e8ria o informaci\u00f3 continguda en cap d\u2019aquests hiperv\u00ednculos i altres llocs en Internet. Igualment, la inclusi\u00f3 d\u2019aquestes connexions externes no implicar\u00e0 cap tipus d\u2019associaci\u00f3, fusi\u00f3 o participaci\u00f3 amb les entitats connectades.<\/p>\n<h2><strong>DRETS D\u2019EXCLUSI\u00d3<\/strong><\/h2>\n<p>9. EL TITULAR es reserva el dret a denegar o retirar l\u2019acc\u00e9s a portal i\/o els serveis oferts sense necessitat d\u2019advertiment previ, a inst\u00e0ncia pr\u00f2pia o d\u2019un tercer, a aquells usuaris que incompleixin el contingut d\u2019aquest av\u00eds legal.<\/p>\n<h2><strong>GENERALITATS<\/strong><\/h2>\n<p>10. EL TITULAR perseguir\u00e0 l\u2019 incompliment de les presents condicions aix\u00ed com qualsevol utilitzaci\u00f3 indeguda del seu portal exercint totes les accions civils i penals que li puguen correspondre en dret.<\/p>\n<h2><strong>LEGISLACI\u00d3 APLICABLE I JURISDICCI\u00d3<\/strong><\/h2>\n<p>11. La relaci\u00f3 entre EL TITULAR i L\u2019USUARI es regir\u00e0 per la normativa espanyola vigent. Totes les disputes i reclamacions derivades d\u2019aquest av\u00eds legal es resoldran pels jutjats i tribunals espanyols.<\/p>\n<h2><strong>MENORS D\u2019EDAT<\/strong><\/h2>\n<p>12. www.felsgestcom.com dirigeix els seus serveis a usuaris majors de 18 anys. Els menors d\u2019aquesta edat no estan autoritzats a utilitzar els nostres serveis i no hauran de, per tant, enviar-nos les seues dades personals. Informem que si es d\u00f3na tal circumst\u00e0ncia,\u00a0<strong>Administraci\u00f3 de finques Gestcom, S.L.U\u00a0<\/strong>no es fa responsable de les possibles conseq\u00fc\u00e8ncies que pogueren derivar-se de d\u2019incompliment de l\u2019av\u00eds que en aquesta mateixa cl\u00e0usula s\u2019estableix.[\/vc_column_text][\/vc_column][\/vc_row]<\/p>\n<\/div>","protected":false},"excerpt":{"rendered":"<p>[vc_row css_animation=&#8221;&#8221; row_type=&#8221;row&#8221; use_row_as_full_screen_section=&#8221;no&#8221; type=&#8221;full_width&#8221; angled_section=&#8221;no&#8221; text_align=&#8221;left&#8221; background_image_as_pattern=&#8221;without_pattern&#8221;][vc_column el_class=&#8221;textos-legales&#8221;][vc_column_text css=&#8221;&#8221; el_class=&#8221;legal&#8221;] DADES IDENTIFICATIVES Vost\u00e8 est\u00e0 visitant la p\u00e0gina web\u00a0www.felsgestcom.com\u00a0titularitat de\u00a0Administraci\u00f3 de finques Gestcom, S.L.U\u00a0amb domicili social en\u00a0C\/ RAMON OTERO PEDRAYO N\u00ba 22 (08860 CASTELLDEFELS) BARCELONA\u00a0amb CIF\u00a0N.I.F. B647983253 \u00a0inscrita en el Registre Mercantil de Barcelona en&#8230;<\/p>\n","protected":false},"author":1,"featured_media":0,"parent":0,"menu_order":0,"comment_status":"closed","ping_status":"closed","template":"","meta":{"footnotes":""},"class_list":["post-196","page","type-page","status-publish","hentry"],"yoast_head":"<!-- This site is optimized with the Yoast SEO plugin v26.7 - https:\/\/yoast.com\/wordpress\/plugins\/seo\/ -->\n<title>Av\u00eds Legal - GestCom<\/title>\n<meta name=\"robots\" content=\"noindex, nofollow\" \/>\n<meta property=\"og:locale\" content=\"ca_ES\" \/>\n<meta property=\"og:type\" content=\"article\" \/>\n<meta property=\"og:title\" content=\"Av\u00eds Legal - GestCom\" \/>\n<meta property=\"og:description\" content=\"[vc_row css_animation=&#8221;&#8221; row_type=&#8221;row&#8221; use_row_as_full_screen_section=&#8221;no&#8221; type=&#8221;full_width&#8221; angled_section=&#8221;no&#8221; text_align=&#8221;left&#8221; background_image_as_pattern=&#8221;without_pattern&#8221;][vc_column el_class=&#8221;textos-legales&#8221;][vc_column_text css=&#8221;&#8221; el_class=&#8221;legal&#8221;] DADES IDENTIFICATIVES Vost\u00e8 est\u00e0 visitant la p\u00e0gina web\u00a0www.felsgestcom.com\u00a0titularitat de\u00a0Administraci\u00f3 de finques Gestcom, S.L.U\u00a0amb domicili social en\u00a0C\/ RAMON OTERO PEDRAYO N\u00ba 22 (08860 CASTELLDEFELS) BARCELONA\u00a0amb CIF\u00a0N.I.F. B647983253 \u00a0inscrita en el Registre Mercantil de Barcelona en...\" \/>\n<meta property=\"og:url\" content=\"https:\/\/felsgestcom.com\/ca\/avis-legal\/\" \/>\n<meta property=\"og:site_name\" content=\"GestCom\" \/>\n<meta property=\"article:modified_time\" content=\"2024-06-20T11:15:00+00:00\" \/>\n<meta name=\"twitter:card\" content=\"summary_large_image\" \/>\n<meta name=\"twitter:label1\" content=\"Temps estimat de lectura\" \/>\n\t<meta name=\"twitter:data1\" content=\"7 minuts\" \/>\n<script type=\"application\/ld+json\" class=\"yoast-schema-graph\">{\"@context\":\"https:\/\/schema.org\",\"@graph\":[{\"@type\":\"WebPage\",\"@id\":\"https:\/\/felsgestcom.com\/ca\/avis-legal\/\",\"url\":\"https:\/\/felsgestcom.com\/ca\/avis-legal\/\",\"name\":\"Av\u00eds Legal - GestCom\",\"isPartOf\":{\"@id\":\"https:\/\/felsgestcom.com\/ca\/#website\"},\"datePublished\":\"2020-03-25T09:29:08+00:00\",\"dateModified\":\"2024-06-20T11:15:00+00:00\",\"breadcrumb\":{\"@id\":\"https:\/\/felsgestcom.com\/ca\/avis-legal\/#breadcrumb\"},\"inLanguage\":\"ca\",\"potentialAction\":[{\"@type\":\"ReadAction\",\"target\":[\"https:\/\/felsgestcom.com\/ca\/avis-legal\/\"]}]},{\"@type\":\"BreadcrumbList\",\"@id\":\"https:\/\/felsgestcom.com\/ca\/avis-legal\/#breadcrumb\",\"itemListElement\":[{\"@type\":\"ListItem\",\"position\":1,\"name\":\"Portada\",\"item\":\"https:\/\/felsgestcom.com\/ca\/\"},{\"@type\":\"ListItem\",\"position\":2,\"name\":\"Av\u00eds Legal\"}]},{\"@type\":\"WebSite\",\"@id\":\"https:\/\/felsgestcom.com\/ca\/#website\",\"url\":\"https:\/\/felsgestcom.com\/ca\/\",\"name\":\"GestCom\",\"description\":\"Administraci\u00f3n de fincas\",\"publisher\":{\"@id\":\"https:\/\/felsgestcom.com\/ca\/#organization\"},\"potentialAction\":[{\"@type\":\"SearchAction\",\"target\":{\"@type\":\"EntryPoint\",\"urlTemplate\":\"https:\/\/felsgestcom.com\/ca\/?s={search_term_string}\"},\"query-input\":{\"@type\":\"PropertyValueSpecification\",\"valueRequired\":true,\"valueName\":\"search_term_string\"}}],\"inLanguage\":\"ca\"},{\"@type\":\"Organization\",\"@id\":\"https:\/\/felsgestcom.com\/ca\/#organization\",\"name\":\"Gestcom, Administraci\u00f3n de fincas\",\"url\":\"https:\/\/felsgestcom.com\/ca\/\",\"logo\":{\"@type\":\"ImageObject\",\"inLanguage\":\"ca\",\"@id\":\"https:\/\/felsgestcom.com\/ca\/#\/schema\/logo\/image\/\",\"url\":\"https:\/\/felsgestcom.com\/wp-content\/uploads\/2019\/12\/logo-gestcom.png\",\"contentUrl\":\"https:\/\/felsgestcom.com\/wp-content\/uploads\/2019\/12\/logo-gestcom.png\",\"width\":392,\"height\":100,\"caption\":\"Gestcom, Administraci\u00f3n de fincas\"},\"image\":{\"@id\":\"https:\/\/felsgestcom.com\/ca\/#\/schema\/logo\/image\/\"}}]}<\/script>\n<!-- \/ Yoast SEO plugin. -->","yoast_head_json":{"title":"Av\u00eds Legal - GestCom","robots":{"index":"noindex","follow":"nofollow"},"og_locale":"ca_ES","og_type":"article","og_title":"Av\u00eds Legal - GestCom","og_description":"[vc_row css_animation=&#8221;&#8221; row_type=&#8221;row&#8221; use_row_as_full_screen_section=&#8221;no&#8221; type=&#8221;full_width&#8221; angled_section=&#8221;no&#8221; text_align=&#8221;left&#8221; background_image_as_pattern=&#8221;without_pattern&#8221;][vc_column el_class=&#8221;textos-legales&#8221;][vc_column_text css=&#8221;&#8221; el_class=&#8221;legal&#8221;] DADES IDENTIFICATIVES Vost\u00e8 est\u00e0 visitant la p\u00e0gina web\u00a0www.felsgestcom.com\u00a0titularitat de\u00a0Administraci\u00f3 de finques Gestcom, S.L.U\u00a0amb domicili social en\u00a0C\/ RAMON OTERO PEDRAYO N\u00ba 22 (08860 CASTELLDEFELS) BARCELONA\u00a0amb CIF\u00a0N.I.F. B647983253 \u00a0inscrita en el Registre Mercantil de Barcelona en...","og_url":"https:\/\/felsgestcom.com\/ca\/avis-legal\/","og_site_name":"GestCom","article_modified_time":"2024-06-20T11:15:00+00:00","twitter_card":"summary_large_image","twitter_misc":{"Temps estimat de lectura":"7 minuts"},"schema":{"@context":"https:\/\/schema.org","@graph":[{"@type":"WebPage","@id":"https:\/\/felsgestcom.com\/ca\/avis-legal\/","url":"https:\/\/felsgestcom.com\/ca\/avis-legal\/","name":"Av\u00eds Legal - GestCom","isPartOf":{"@id":"https:\/\/felsgestcom.com\/ca\/#website"},"datePublished":"2020-03-25T09:29:08+00:00","dateModified":"2024-06-20T11:15:00+00:00","breadcrumb":{"@id":"https:\/\/felsgestcom.com\/ca\/avis-legal\/#breadcrumb"},"inLanguage":"ca","potentialAction":[{"@type":"ReadAction","target":["https:\/\/felsgestcom.com\/ca\/avis-legal\/"]}]},{"@type":"BreadcrumbList","@id":"https:\/\/felsgestcom.com\/ca\/avis-legal\/#breadcrumb","itemListElement":[{"@type":"ListItem","position":1,"name":"Portada","item":"https:\/\/felsgestcom.com\/ca\/"},{"@type":"ListItem","position":2,"name":"Av\u00eds Legal"}]},{"@type":"WebSite","@id":"https:\/\/felsgestcom.com\/ca\/#website","url":"https:\/\/felsgestcom.com\/ca\/","name":"GestCom","description":"Administraci\u00f3n de fincas","publisher":{"@id":"https:\/\/felsgestcom.com\/ca\/#organization"},"potentialAction":[{"@type":"SearchAction","target":{"@type":"EntryPoint","urlTemplate":"https:\/\/felsgestcom.com\/ca\/?s={search_term_string}"},"query-input":{"@type":"PropertyValueSpecification","valueRequired":true,"valueName":"search_term_string"}}],"inLanguage":"ca"},{"@type":"Organization","@id":"https:\/\/felsgestcom.com\/ca\/#organization","name":"Gestcom, Administraci\u00f3n de fincas","url":"https:\/\/felsgestcom.com\/ca\/","logo":{"@type":"ImageObject","inLanguage":"ca","@id":"https:\/\/felsgestcom.com\/ca\/#\/schema\/logo\/image\/","url":"https:\/\/felsgestcom.com\/wp-content\/uploads\/2019\/12\/logo-gestcom.png","contentUrl":"https:\/\/felsgestcom.com\/wp-content\/uploads\/2019\/12\/logo-gestcom.png","width":392,"height":100,"caption":"Gestcom, Administraci\u00f3n de fincas"},"image":{"@id":"https:\/\/felsgestcom.com\/ca\/#\/schema\/logo\/image\/"}}]}},"_links":{"self":[{"href":"https:\/\/felsgestcom.com\/ca\/wp-json\/wp\/v2\/pages\/196","targetHints":{"allow":["GET"]}}],"collection":[{"href":"https:\/\/felsgestcom.com\/ca\/wp-json\/wp\/v2\/pages"}],"about":[{"href":"https:\/\/felsgestcom.com\/ca\/wp-json\/wp\/v2\/types\/page"}],"author":[{"embeddable":true,"href":"https:\/\/felsgestcom.com\/ca\/wp-json\/wp\/v2\/users\/1"}],"replies":[{"embeddable":true,"href":"https:\/\/felsgestcom.com\/ca\/wp-json\/wp\/v2\/comments?post=196"}],"version-history":[{"count":3,"href":"https:\/\/felsgestcom.com\/ca\/wp-json\/wp\/v2\/pages\/196\/revisions"}],"predecessor-version":[{"id":255,"href":"https:\/\/felsgestcom.com\/ca\/wp-json\/wp\/v2\/pages\/196\/revisions\/255"}],"wp:attachment":[{"href":"https:\/\/felsgestcom.com\/ca\/wp-json\/wp\/v2\/media?parent=196"}],"curies":[{"name":"wp","href":"https:\/\/api.w.org\/{rel}","templated":true}]}}