{"id":194,"date":"2020-03-25T10:27:12","date_gmt":"2020-03-25T09:27:12","guid":{"rendered":"https:\/\/felsgestcom.com\/politica-de-privacitat\/"},"modified":"2024-06-20T12:55:23","modified_gmt":"2024-06-20T11:55:23","slug":"politica-privacitat","status":"publish","type":"page","link":"https:\/\/felsgestcom.com\/ca\/politica-privacitat\/","title":{"rendered":"Pol\u00edtica de privacitat"},"content":{"rendered":"<div class=\"wpb-content-wrapper\"><p>[vc_row css_animation=&#8221;&#8221; row_type=&#8221;row&#8221; use_row_as_full_screen_section=&#8221;no&#8221; type=&#8221;full_width&#8221; angled_section=&#8221;no&#8221; text_align=&#8221;left&#8221; background_image_as_pattern=&#8221;without_pattern&#8221;][vc_column el_class=&#8221;textos-legales&#8221;][vc_column_text css=&#8221;&#8221; el_class=&#8221;legal&#8221;]La protecci\u00f3 de les dades de car\u00e0cter personal \u00e9s una de les preocupacions de major import\u00e0ncia per a aquesta empresa.<br \/>\nEn el nostre dia a dia ens esforcem per protegir la privacitat de les dades que ens facilita i complir amb la normativa vigent en mat\u00e8ria de protecci\u00f3 de dades de car\u00e0cter personal.<br \/>\nL\u2019objectiu d\u2019aquesta pol\u00edtica \u00e9s mostrar la manera en qu\u00e8 tractarem les dades de car\u00e0cter personal que ens facilita.<\/p>\n<h2>1. IDENTIFICACI\u00d3 I DADES DE CONTACTE DEL RESPONSABLE<\/h2>\n<p>L\u2019empresa Administraci\u00f3 de finques Gestcom, S.L.U, domiciliada al C\/ RAMON OTERO PEDRAYO N\u00ba 22 (08860 CASTELLDEFELS) BARCELONA,\u00a0 amb\u00a0\u00a0<strong>N.I.F.<\/strong> B647983253, tel\u00e8fon de contacte: 93 664 13 79 i email <a href=\"mailto:comunitats@felsgestcom.com\" target=\"_blank\" rel=\"noopener\">comunitats@felsgestcom.com<\/a>.<\/p>\n<h2>2. FINALITAT DEL TRACTAMENT<\/h2>\n<ul>\n<li><strong>Relaci\u00f3 contractual existent.<\/strong>\u00a0En el cas que celebri amb nosaltres qualsevol tipus de contracte o subsisteixi una relaci\u00f3 jur\u00eddica vinculant amb L\u2019empresa, caldr\u00e0 tractar les dades personals per a procedir al seu compliment, gestionar i \/ o prestar de forma correcta i adequada el servei i \/ o el b\u00e9 objecte del contracte.<\/li>\n<li><strong>Relaci\u00f3 precontractual existent.<\/strong>\u00a0\u00c9s possible que sigui necessari tractar les seves dades personals per a l\u2019execuci\u00f3 de mesures precontractuals en qu\u00e8 vost\u00e8 sigui part.<\/li>\n<li><strong>Gesti\u00f3 administrativa, comptable i fiscal<\/strong>. En el cas que adquireixi els nostres productes i \/ o contracti els nostres serveis ser\u00e0 necessari tractar les seves dades per domiciliar comptes, enviar factures, etc.<\/li>\n<li><strong>Respondre a consultes realitzades.<\/strong>\u00a0Per gestionar les consultes plantejades per vost\u00e8 a trav\u00e9s dels formularis web consulta \/ per a m\u00e9s informaci\u00f3.<\/li>\n<li><strong>Realitzar processos de selecci\u00f3.<\/strong>\u00a0Per gestionar els processos de selecci\u00f3 de personal realitzats a L\u2019empresa als quals s\u2019ha postulat enviant el seu Curr\u00edculum Vitae i \/ o carta de presentaci\u00f3 a trav\u00e9s del formulari &#8220;treballa amb nosaltres&#8221;.<\/li>\n<li><strong>Enviament de comunicacions.<\/strong>\u00a0Quan es doni el cas i la prestaci\u00f3 del servei contractat ho requereixi, podrem enviar-li informaci\u00f3 relativa al servei contractat o b\u00e9 adquirit.<\/li>\n<li><strong>Enviament de publicitat.<\/strong>\u00a0Quan sigui el cas, i havent prestat el seu consentiment, tractarem les seves dades per a realitzar comunicacions comercials sobre b\u00e9ns i \/ o serveis relacionats amb L\u2019empresa.<\/li>\n<li><strong>Control inform\u00e0tic de la p\u00e0gina web.<\/strong>\u00a0L\u2019empresa podr\u00e0 realitzar tasques de vigil\u00e0ncia i manteniment necessaris respecte de la utilitzaci\u00f3 i control de la p\u00e0gina web per prevenir qualsevol violaci\u00f3 de la seguretat de les dades podent accedir a dades de car\u00e0cter personal de els interessats.<\/li>\n<li><strong>Compliment d\u2019una obligaci\u00f3 legal.<\/strong>\u00a0En determinats casos, ser\u00e0 necessari tractar les seves dades per complir amb una obligaci\u00f3 legal, com per exemple, acatar els mandats judicials, els requeriments o ordres provinents d\u2019organismes encarregats del compliment de la llei o altres autoritats o administracions p\u00fabliques i governamentals, fins i tot quan es trobin fora del seu pa\u00eds de resid\u00e8ncia. De la mateixa manera, podrem facilitar les seves dades personals per atendre les sol\u00b7licituds que aquests ens facin per a la prevenci\u00f3, detecci\u00f3 o investigaci\u00f3 d\u2019un delicte o una altra infracci\u00f3 de l\u2019ordenament jur\u00eddic.<\/li>\n<li><strong>Per inter\u00e8s leg\u00edtim<\/strong>\u00a0d\u2019empresa caldr\u00e0 tractar les seves dades per a configurar i administrar el seu compte, per prestar-li assist\u00e8ncia t\u00e8cnica, verificar la seva identitat, o la informaci\u00f3 que ens faciliti per a la prestaci\u00f3 del servei subscrit aix\u00ed com, per administrar les seves dades i facilitar-los a prove\u00efdors externs per al correcte funcionament de nostre negoci. En determinats casos, tractarem les dades personals per millorar els nostres serveis, oferir continguts personalitzats si \u00e9s el cas, i millorar l\u2019experi\u00e8ncia en la navegaci\u00f3 i \u00fas de la p\u00e0gina web, aix\u00ed com, enviar comunicacions en relaci\u00f3 a enquestes o sondejos en els quals vulgui participar o complir amb els nostres requisits d\u2019auditories internes o externes, si s\u2019escau. De la mateixa manera, ser\u00e0 necessari l\u2019\u00fas d\u2019aquests per protegir els nostres drets o respondre davant reclamacions de qualsevol \u00edndole.<\/li>\n<li><strong>Quan obtenim el seu consentiment<\/strong>. En determinats casos, podrem utilitzar les seves dades per a finalitats diferents a les esmentades, sempre que ens doni el seu consentiment de manera a\u00efllada, clara i inequ\u00edvoca.<\/li>\n<li><strong>Per a fins de m\u00e0rqueting i esdeveniments.<\/strong>\u00a0En determinades ocasions, l\u2019empresa utilitzar\u00e0 les dades personals facilitades per a l\u2019enviament de comunicacions de m\u00e0rqueting i esdeveniments a trav\u00e9s de diverses plataformes. No obstant aix\u00f2, demanarem el consentiment de forma expl\u00edcita quan aix\u00ed ho exigeixi la llei. En el cas de rebre aquesta classe de comunicacions, complirem amb el deure d\u2019informar sobre com donar-se de baixa.<\/li>\n<\/ul>\n<h2><strong>3. TERMINIS O CRITERIS DE CONSERVACI\u00d3 DE LES DADES<\/strong><\/h2>\n<p>Les dades personals proporcionades es conservaran de conformitat amb els seg\u00fcents criteris:<\/p>\n<ul>\n<li>El temps necessari per complir amb els tractaments per als quals van ser recopilats inicialment.<\/li>\n<li>El temps raonable per demostrar que complim amb els nostres deures i obligacions.<\/li>\n<li>Els per\u00edodes de prescripci\u00f3 establerts en les lleis, dins dels quals es pot presentar qualsevol tipus de reclamaci\u00f3 de forma extrajudicial o judicialment.<\/li>\n<li>Un cop les dades deixin de ser necess\u00e0ries per al tractament en q\u00fcesti\u00f3 podran mantenir bloquejats, quedant disponibles \u00fanicament per atendre els requeriments d\u2019autoritats p\u00fabliques.<\/li>\n<\/ul>\n<h2><strong>4. DECISIONS<\/strong><\/h2>\n<ul>\n<li>Decisions automatitzades, perfils i l\u00f2gica aplicada: La p\u00e0gina web NO prendr\u00e0 decisions automatitzades, perfils o l\u00f2gica aplicada a les dades.<\/li>\n<\/ul>\n<h2><strong>5. LEGITIMACI\u00d3 DEL TRACTAMENT<\/strong><\/h2>\n<p>La base per la qual se sustenta el tractament de les dades de car\u00e0cter personal per part de l\u2019empresa \/ societat \/ organitzaci\u00f3 \/ associaci\u00f3 \/ institut \/ cl\u00ednica, es troba emparada en:<\/p>\n<ul>\n<li><strong>El consentiment de l\u2019interessat.<\/strong><\/li>\n<li><strong>Compliment d\u2019un contracte.<\/strong>\u00a0En el cas que celebri amb nosaltres qualsevol contracte o subsisteixi entre les parts una relaci\u00f3 jur\u00eddica vinculant, ser\u00e0 necessari tractar les dades personals per a procedir al seu compliment, gestionar i \/ o prestar de forma correcta i adequada el servei i \/ o el b\u00e9 objecte del contracte. Aix\u00ed mateix, \u00e9s possible que sigui necessari tractar les seves dades personals per a l\u2019execuci\u00f3 de mesures precontractuals en qu\u00e8 vost\u00e8 sigui part.<\/li>\n<li><strong>Obligaci\u00f3 legal aplicable al responsable del tractament.<\/strong>\u00a0En determinats casos, ser\u00e0 necessari tractar les seves dades per complir amb una obligaci\u00f3 legal.<\/li>\n<li><strong>Inter\u00e8s leg\u00edtim del responsable del tractament.<\/strong>\u00a0En determinats sup\u00f2sits, caldr\u00e0 tractar les seves dades per satisfer interessos leg\u00edtims perseguits pel Responsable del Tractament, sempre que prevalgui sobre els interessos o drets i llibertats fonamentals de l\u2019interessat que requereixin la protecci\u00f3 de les dades personals.<\/li>\n<li><strong>Per protegir interessos vitals de l\u2019interessat o d\u2019una altra persona f\u00edsica.<\/strong><\/li>\n<li><strong>Per al compliment d\u2019una missi\u00f3 realitzada en inter\u00e8s p\u00fablic o en l\u2019exercici de poders p\u00fablics conferits al responsable del tractament.<\/strong><\/li>\n<\/ul>\n<h2><strong>6. DESTINATARIS<\/strong><\/h2>\n<p>Durant el per\u00edode de durada del tractament, l\u2019empresa no realitzar\u00e0 cap cessi\u00f3, ni tampoc cap transfer\u00e8ncia, llevat obligaci\u00f3 legal.<br \/>\nL\u2019empresa no realitza Transfer\u00e8ncia Internacional de Dades alguna.<\/p>\n<h2><strong>7. DRETS<\/strong><\/h2>\n<p>Els interessats que s\u00f3n objecte de qualsevol tractament dut a terme per l\u2019empresa, podran exercir en qualsevol moment i de forma totalment gratu\u00efta qualsevol d\u2019aquests drets:<\/p>\n<ul>\n<li>Dret a sol\u00b7licitar el acc\u00e9s a les seves dades personals.<\/li>\n<li>Dret a sol\u00b7licitar la seva rectificaci\u00f3 o supressi\u00f3.<\/li>\n<li>Dret a sol\u00b7licitar la limitaci\u00f3 del seu tractament.<\/li>\n<li>Dret a oposar-se al tractament.<\/li>\n<li>Dret a la portabilitat de les dades.<\/li>\n<li>Dret a retirar el consentiment prestat.<\/li>\n<li>Dret a no ser objecte d\u2019una decisi\u00f3 basada \u00fanicament en un tractament automatitzat, incl\u00f2s l\u2019elaboraci\u00f3 de perfils.<br \/>\nDret a presentar una reclamaci\u00f3 davant l\u2019Autoritat de Control.<\/li>\n<\/ul>\n<p>Qualsevol persona t\u00e9 dret a obtenir confirmaci\u00f3 sobre si en l\u2019Entitat estan tractant dades personals que el concerneixen o no. Les persones interessades tenen dret a accedir a les seves dades personals, aix\u00ed com a sol\u00b7licitar la rectificaci\u00f3 de les dades inexactes o, si escau, sol\u00b7licitar la seva supressi\u00f3 quan, entre d\u2019altres motius, les dades ja no siguin necessaris per als fins que van ser recollides.<\/p>\n<p>Els interessats podran sol\u00b7licitar la limitaci\u00f3 del tractament de les seves dades, en aquest cas \u00fanicament els conservarem per a l\u2019exercici o la defensa de reclamacions. En determinades circumst\u00e0ncies i per motius relacionats amb la seva situaci\u00f3 particular, els interessats podran oposar-se al tractament de les seves dades. En aquest cas, l\u2019entitat, deixar\u00e0 de tractar les dades, excepte per motius leg\u00edtims imperiosos, o l\u2019exercici o la defensa de possibles reclamacions.<\/p>\n<p>Si ha atorgat el seu consentiment per a alguna finalitat concreta, t\u00e9 dret a retirar el consentiment atorgat en qualsevol moment, sense que aix\u00f2 afecti la licitud del tractament basat en el consentiment previ a la seva retirada.<\/p>\n<p>Per a aix\u00f2 podr\u00e0 emprar els formularis habilitats per l\u2019empresa, o b\u00e9 dirigir un escrit a l\u2019adre\u00e7a postal o correu electr\u00f2nic de l\u2019empresa, m\u00e9s amunt indicades.<\/p>\n<p>Informem que aquestes sol\u00b7licituds han d\u2019anar sempre acompanyades d\u2019una fotoc\u00f2pia del seu DNI o document equivalent amb la finalitat d\u2019acreditar la seva identitat.<\/p>\n<p>En cas que senti vulnerats els seus drets pel que fa a la protecci\u00f3 de les seves dades personals, especialment quan no hagi obtingut satisfacci\u00f3 en l\u2019exercici dels seus drets, pot presentar una reclamaci\u00f3 davant l\u2019Autoritat de Control en mat\u00e8ria de protecci\u00f3 de dades competent a trav\u00e9s del seu lloc web: www.agpd.es.<\/p>\n<p>En compliment del que preveu l\u2019article 21 de la Llei 34\/2002 de serveis de la societat de la informaci\u00f3 i comer\u00e7 electr\u00f2nic, si vost\u00e8 no desitja rebre m\u00e9s informaci\u00f3 sobre els nostres serveis, pot donar-se de baixa a l\u2019adre\u00e7a de correu electr\u00f2nic de la entitat, indicant en l\u2019assumpte &#8220;No enviar correus&#8221;.<\/p>\n<h2><strong>8. PROCED\u00c8NCIA DE LES DADES.<\/strong><\/h2>\n<p>L\u2019empresa ha obtingut les dades personals que seran objecte de tractament, a trav\u00e9s de diferents canals:<\/p>\n<p><strong>Directament de l\u2019interessat o el seu representant legal.<\/strong><\/p>\n<ul>\n<li>Quan l\u2019usuari facilita les seves dades de car\u00e0cter personal a trav\u00e9s dels formularis web d\u2019inscripci\u00f3, de contacte o sol\u00b7licitud d\u2019informaci\u00f3 recollits i incorporats a la p\u00e0gina web.<\/li>\n<li>Quan l\u2019usuari s\u2019inscriu i presta el consentiment al tractament de les dades personals en algun dels programes o aplicacions titularitat de l\u2019empresa (tot i que aquests siguin a t\u00edtol gratu\u00eft).<\/li>\n<\/ul>\n<p>En determinats casos podem recopilar informaci\u00f3 personal procedent de tercers com ara;\u00a0<strong>una entitat o organitzaci\u00f3 a la qual pertanyi<\/strong>\u00a0que li faciliti acc\u00e9s als nostres serveis,\u00a0<strong>socis comercials i prove\u00efdors de serveis que treballen amb nosaltres<\/strong>\u00a0en relaci\u00f3 amb la seva activitat, altres fonts\u00a0<strong>disponibles<\/strong>\u00a0com llocs web p\u00fablics, bases de dades obertes del govern o altres dades de domini p\u00fablic.<\/p>\n<ul>\n<li><strong>A trav\u00e9s de cookies i tecnologies similars incloses en els nostres serveis.<\/strong>\u00a0Per accedir a m\u00e9s informaci\u00f3 sobre cookies i com controlar el seu \u00fas, accedeixi a la nostra pol\u00edtica de cookies. (Redirigir a la pol\u00edtica de cookies). (Cal afegir aquest apartat en el cas que la p\u00e0gina web utilitzi cookies).<\/li>\n<li><strong>Fonts accessibles al p\u00fablic i \/ o registres p\u00fablics<\/strong>. Sempre que hi hagi inter\u00e8s leg\u00edtim per part de l\u2019empresa \u00a0per a aix\u00f2 podr\u00e0 utilitzar les dades personals recollides en:\n<ul>\n<li>Cens promocional.<\/li>\n<li>Repertoris telef\u00f2nics en els termes que preveu la normativa espec\u00edfica.<\/li>\n<li>Llistes de persones pertanyents a grups de professionals que continguin \u00fanicament les dades de nom, t\u00edtol, professi\u00f3, activitat, grau acad\u00e8mic, direcci\u00f3 i indicaci\u00f3 de la seva pertinen\u00e7a al grup.<\/li>\n<li>Els diaris i butlletins oficials.<\/li>\n<li>Els mitjans de comunicaci\u00f3.<\/li>\n<\/ul>\n<\/li>\n<\/ul>\n<h2><strong>9. CATEGORIA DE DADES<\/strong><\/h2>\n<p>Les categories de dades que es tracten s\u00f3n:<\/p>\n<ul>\n<li>Dades d\u2019identificaci\u00f3.<\/li>\n<li>Informaci\u00f3 comercial.<\/li>\n<\/ul>\n<p>[\/vc_column_text][\/vc_column][\/vc_row]<\/p>\n<\/div>","protected":false},"excerpt":{"rendered":"<p>[vc_row css_animation=&#8221;&#8221; row_type=&#8221;row&#8221; use_row_as_full_screen_section=&#8221;no&#8221; type=&#8221;full_width&#8221; angled_section=&#8221;no&#8221; text_align=&#8221;left&#8221; background_image_as_pattern=&#8221;without_pattern&#8221;][vc_column el_class=&#8221;textos-legales&#8221;][vc_column_text css=&#8221;&#8221; el_class=&#8221;legal&#8221;]La protecci\u00f3 de les dades de car\u00e0cter personal \u00e9s una de les preocupacions de major import\u00e0ncia per a aquesta empresa. En el nostre dia a dia ens esforcem per protegir la privacitat de les dades&#8230;<\/p>\n","protected":false},"author":1,"featured_media":0,"parent":0,"menu_order":0,"comment_status":"closed","ping_status":"closed","template":"","meta":{"footnotes":""},"class_list":["post-194","page","type-page","status-publish","hentry"],"yoast_head":"<!-- This site is optimized with the Yoast SEO plugin v26.7 - https:\/\/yoast.com\/wordpress\/plugins\/seo\/ -->\n<title>Pol\u00edtica de privacitat - GestCom<\/title>\n<meta name=\"robots\" content=\"noindex, nofollow\" \/>\n<meta property=\"og:locale\" content=\"ca_ES\" \/>\n<meta property=\"og:type\" content=\"article\" \/>\n<meta property=\"og:title\" content=\"Pol\u00edtica de privacitat - GestCom\" \/>\n<meta property=\"og:description\" content=\"[vc_row css_animation=&#8221;&#8221; row_type=&#8221;row&#8221; use_row_as_full_screen_section=&#8221;no&#8221; type=&#8221;full_width&#8221; angled_section=&#8221;no&#8221; text_align=&#8221;left&#8221; background_image_as_pattern=&#8221;without_pattern&#8221;][vc_column el_class=&#8221;textos-legales&#8221;][vc_column_text css=&#8221;&#8221; el_class=&#8221;legal&#8221;]La protecci\u00f3 de les dades de car\u00e0cter personal \u00e9s una de les preocupacions de major import\u00e0ncia per a aquesta empresa. En el nostre dia a dia ens esforcem per protegir la privacitat de les dades...\" \/>\n<meta property=\"og:url\" content=\"https:\/\/felsgestcom.com\/ca\/politica-privacitat\/\" \/>\n<meta property=\"og:site_name\" content=\"GestCom\" \/>\n<meta property=\"article:modified_time\" content=\"2024-06-20T11:55:23+00:00\" \/>\n<meta name=\"twitter:card\" content=\"summary_large_image\" \/>\n<meta name=\"twitter:label1\" content=\"Temps estimat de lectura\" \/>\n\t<meta name=\"twitter:data1\" content=\"9 minuts\" \/>\n<script type=\"application\/ld+json\" class=\"yoast-schema-graph\">{\"@context\":\"https:\/\/schema.org\",\"@graph\":[{\"@type\":\"WebPage\",\"@id\":\"https:\/\/felsgestcom.com\/ca\/politica-privacitat\/\",\"url\":\"https:\/\/felsgestcom.com\/ca\/politica-privacitat\/\",\"name\":\"Pol\u00edtica de privacitat - GestCom\",\"isPartOf\":{\"@id\":\"https:\/\/felsgestcom.com\/ca\/#website\"},\"datePublished\":\"2020-03-25T09:27:12+00:00\",\"dateModified\":\"2024-06-20T11:55:23+00:00\",\"breadcrumb\":{\"@id\":\"https:\/\/felsgestcom.com\/ca\/politica-privacitat\/#breadcrumb\"},\"inLanguage\":\"ca\",\"potentialAction\":[{\"@type\":\"ReadAction\",\"target\":[\"https:\/\/felsgestcom.com\/ca\/politica-privacitat\/\"]}]},{\"@type\":\"BreadcrumbList\",\"@id\":\"https:\/\/felsgestcom.com\/ca\/politica-privacitat\/#breadcrumb\",\"itemListElement\":[{\"@type\":\"ListItem\",\"position\":1,\"name\":\"Portada\",\"item\":\"https:\/\/felsgestcom.com\/ca\/\"},{\"@type\":\"ListItem\",\"position\":2,\"name\":\"Pol\u00edtica de privacitat\"}]},{\"@type\":\"WebSite\",\"@id\":\"https:\/\/felsgestcom.com\/ca\/#website\",\"url\":\"https:\/\/felsgestcom.com\/ca\/\",\"name\":\"GestCom\",\"description\":\"Administraci\u00f3n de fincas\",\"publisher\":{\"@id\":\"https:\/\/felsgestcom.com\/ca\/#organization\"},\"potentialAction\":[{\"@type\":\"SearchAction\",\"target\":{\"@type\":\"EntryPoint\",\"urlTemplate\":\"https:\/\/felsgestcom.com\/ca\/?s={search_term_string}\"},\"query-input\":{\"@type\":\"PropertyValueSpecification\",\"valueRequired\":true,\"valueName\":\"search_term_string\"}}],\"inLanguage\":\"ca\"},{\"@type\":\"Organization\",\"@id\":\"https:\/\/felsgestcom.com\/ca\/#organization\",\"name\":\"Gestcom, Administraci\u00f3n de fincas\",\"url\":\"https:\/\/felsgestcom.com\/ca\/\",\"logo\":{\"@type\":\"ImageObject\",\"inLanguage\":\"ca\",\"@id\":\"https:\/\/felsgestcom.com\/ca\/#\/schema\/logo\/image\/\",\"url\":\"https:\/\/felsgestcom.com\/wp-content\/uploads\/2019\/12\/logo-gestcom.png\",\"contentUrl\":\"https:\/\/felsgestcom.com\/wp-content\/uploads\/2019\/12\/logo-gestcom.png\",\"width\":392,\"height\":100,\"caption\":\"Gestcom, Administraci\u00f3n de fincas\"},\"image\":{\"@id\":\"https:\/\/felsgestcom.com\/ca\/#\/schema\/logo\/image\/\"}}]}<\/script>\n<!-- \/ Yoast SEO plugin. -->","yoast_head_json":{"title":"Pol\u00edtica de privacitat - GestCom","robots":{"index":"noindex","follow":"nofollow"},"og_locale":"ca_ES","og_type":"article","og_title":"Pol\u00edtica de privacitat - GestCom","og_description":"[vc_row css_animation=&#8221;&#8221; row_type=&#8221;row&#8221; use_row_as_full_screen_section=&#8221;no&#8221; type=&#8221;full_width&#8221; angled_section=&#8221;no&#8221; text_align=&#8221;left&#8221; background_image_as_pattern=&#8221;without_pattern&#8221;][vc_column el_class=&#8221;textos-legales&#8221;][vc_column_text css=&#8221;&#8221; el_class=&#8221;legal&#8221;]La protecci\u00f3 de les dades de car\u00e0cter personal \u00e9s una de les preocupacions de major import\u00e0ncia per a aquesta empresa. En el nostre dia a dia ens esforcem per protegir la privacitat de les dades...","og_url":"https:\/\/felsgestcom.com\/ca\/politica-privacitat\/","og_site_name":"GestCom","article_modified_time":"2024-06-20T11:55:23+00:00","twitter_card":"summary_large_image","twitter_misc":{"Temps estimat de lectura":"9 minuts"},"schema":{"@context":"https:\/\/schema.org","@graph":[{"@type":"WebPage","@id":"https:\/\/felsgestcom.com\/ca\/politica-privacitat\/","url":"https:\/\/felsgestcom.com\/ca\/politica-privacitat\/","name":"Pol\u00edtica de privacitat - GestCom","isPartOf":{"@id":"https:\/\/felsgestcom.com\/ca\/#website"},"datePublished":"2020-03-25T09:27:12+00:00","dateModified":"2024-06-20T11:55:23+00:00","breadcrumb":{"@id":"https:\/\/felsgestcom.com\/ca\/politica-privacitat\/#breadcrumb"},"inLanguage":"ca","potentialAction":[{"@type":"ReadAction","target":["https:\/\/felsgestcom.com\/ca\/politica-privacitat\/"]}]},{"@type":"BreadcrumbList","@id":"https:\/\/felsgestcom.com\/ca\/politica-privacitat\/#breadcrumb","itemListElement":[{"@type":"ListItem","position":1,"name":"Portada","item":"https:\/\/felsgestcom.com\/ca\/"},{"@type":"ListItem","position":2,"name":"Pol\u00edtica de privacitat"}]},{"@type":"WebSite","@id":"https:\/\/felsgestcom.com\/ca\/#website","url":"https:\/\/felsgestcom.com\/ca\/","name":"GestCom","description":"Administraci\u00f3n de fincas","publisher":{"@id":"https:\/\/felsgestcom.com\/ca\/#organization"},"potentialAction":[{"@type":"SearchAction","target":{"@type":"EntryPoint","urlTemplate":"https:\/\/felsgestcom.com\/ca\/?s={search_term_string}"},"query-input":{"@type":"PropertyValueSpecification","valueRequired":true,"valueName":"search_term_string"}}],"inLanguage":"ca"},{"@type":"Organization","@id":"https:\/\/felsgestcom.com\/ca\/#organization","name":"Gestcom, Administraci\u00f3n de fincas","url":"https:\/\/felsgestcom.com\/ca\/","logo":{"@type":"ImageObject","inLanguage":"ca","@id":"https:\/\/felsgestcom.com\/ca\/#\/schema\/logo\/image\/","url":"https:\/\/felsgestcom.com\/wp-content\/uploads\/2019\/12\/logo-gestcom.png","contentUrl":"https:\/\/felsgestcom.com\/wp-content\/uploads\/2019\/12\/logo-gestcom.png","width":392,"height":100,"caption":"Gestcom, Administraci\u00f3n de fincas"},"image":{"@id":"https:\/\/felsgestcom.com\/ca\/#\/schema\/logo\/image\/"}}]}},"_links":{"self":[{"href":"https:\/\/felsgestcom.com\/ca\/wp-json\/wp\/v2\/pages\/194","targetHints":{"allow":["GET"]}}],"collection":[{"href":"https:\/\/felsgestcom.com\/ca\/wp-json\/wp\/v2\/pages"}],"about":[{"href":"https:\/\/felsgestcom.com\/ca\/wp-json\/wp\/v2\/types\/page"}],"author":[{"embeddable":true,"href":"https:\/\/felsgestcom.com\/ca\/wp-json\/wp\/v2\/users\/1"}],"replies":[{"embeddable":true,"href":"https:\/\/felsgestcom.com\/ca\/wp-json\/wp\/v2\/comments?post=194"}],"version-history":[{"count":3,"href":"https:\/\/felsgestcom.com\/ca\/wp-json\/wp\/v2\/pages\/194\/revisions"}],"predecessor-version":[{"id":257,"href":"https:\/\/felsgestcom.com\/ca\/wp-json\/wp\/v2\/pages\/194\/revisions\/257"}],"wp:attachment":[{"href":"https:\/\/felsgestcom.com\/ca\/wp-json\/wp\/v2\/media?parent=194"}],"curies":[{"name":"wp","href":"https:\/\/api.w.org\/{rel}","templated":true}]}}